{"id":1790,"date":"2020-07-07T11:08:42","date_gmt":"2020-07-07T11:08:42","guid":{"rendered":"https:\/\/www.foyerrichelieuwelland.com\/?page_id=1790"},"modified":"2025-10-27T08:49:59","modified_gmt":"2025-10-27T12:49:59","slug":"who-we-are","status":"publish","type":"page","link":"https:\/\/www.foyerrichelieuwelland.com\/fr\/who-we-are\/","title":{"rendered":"Qui sommes-nous"},"content":{"rendered":"<div class=\"wp-block-lazyblock-haut-de-page-de-sections lazyblock-haut-de-page-de-sections-1KTpSt\"><section class=\"parallax\" data-stellar-background-ratio=\"0.8\" style=\"background-image:url('\/wp-content\/uploads\/2020\/07\/header-who-we-are.jpg');\">\r\n<div id=\"coloroverlay\" class=\"opacity-medium\"><\/div>\r\n<div class=\"container\">\r\n<div class=\"inner-banner\">\r\n<h1>\u00c0 propos de nous<br><span>Notre \u00e9quipe<\/span><\/h1>\r\n<p><\/p>\r\n<\/div>\r\n<\/div>\r\n<\/section><\/div>\n\n\n<div class=\"wp-block-group wwa-top\"><div class=\"wp-block-group__inner-container is-layout-flow wp-block-group-is-layout-flow\">\n<div class=\"wp-block-group container\"><div class=\"wp-block-group__inner-container is-layout-flow wp-block-group-is-layout-flow\">\n<div class=\"wp-block-columns is-layout-flex wp-container-core-columns-is-layout-1 wp-block-columns-is-layout-flex\">\n<div class=\"wp-block-column wwa-top-left is-layout-flow wp-block-column-is-layout-flow\">\n<div class=\"wp-block-animate-blocks-animate\" data-aos=\"fade\">\n<h5>Bienvenue au Foyer Richelieu Welland<\/h5>\n<\/div>\n<\/div>\n\n\n\n<div class=\"wp-block-column wwa-top-right is-layout-flow wp-block-column-is-layout-flow\">\n<div class=\"wp-block-animate-blocks-animate\" data-aos=\"fade\" data-aos-delay=\"400\">\n<p>Le Foyer Richelieu Welland est un \u00e9tablissement de soins de longue dur\u00e9e \u00e0 but non lucratif situ\u00e9 \u00e0 Welland en Ontario dans la p\u00e9ninsule du Niagara, qui se sp\u00e9cialise dans l&#8217;am\u00e9lioration de la qualit\u00e9 de vie des personnes atteintes de maladies chroniques depuis 1989. Nous veillons \u00e0 ce que les aspects physiques, psychologiques, \u00e9motionnels, les besoins spirituels et r\u00e9cr\u00e9atifs de chaque r\u00e9sident soient pris en charge quotidiennement. Au nom du conseil d&#8217;administration, de l&#8217;\u00e9quipe de gestion, de tout le personnel et des b\u00e9n\u00e9voles, nous vous souhaitons la bienvenue au Foyer Richelieu Welland. Nous sommes heureux de vous accueillir dans une ambiance chaleureuse et calme, fran\u00e7aise et catholique. Bon s\u00e9jour au Foyer Richelieu!<\/p>\n<\/div>\n<\/div>\n<\/div>\n<\/div><\/div>\n<\/div><\/div>\n\n\n\n<div class=\"wp-block-group found-concepts sm-no-background-img cover-background\"><div class=\"wp-block-group__inner-container is-layout-flow wp-block-group-is-layout-flow\">\n<div class=\"wp-block-animate-blocks-animate container\" data-aos=\"fade-up\">\n<div class=\"wp-block-columns is-layout-flex wp-container-core-columns-is-layout-3 wp-block-columns-is-layout-flex\">\n<div class=\"wp-block-column d-none-sm is-layout-flow wp-block-column-is-layout-flow\">\n<div class=\"wp-block-animate-blocks-animate\" data-aos=\"\">\n<p><\/p>\n<\/div>\n<\/div>\n\n\n\n<div class=\"wp-block-column sm-fw is-layout-flow wp-block-column-is-layout-flow\">\n<div class=\"wp-block-animate-blocks-animate\" data-aos=\"fade-up\" data-aos-delay=\"200\">\n<h5><strong>Concepts Fondamentaux<\/strong><\/h5>\n<p>Les concepts fondamentaux ou la base philosophique sur lesquels repose le Foyer Richelieu Welland comprennent la mission, la vision, les valeurs fondamentales et la culture institutionnelle de l&#8217;entreprise.<\/p>\n\n\n\n<div class=\"wp-block-animate-blocks-animate mar-top\" data-aos=\"\">\n<div class=\"wp-block-columns is-layout-flex wp-container-core-columns-is-layout-2 wp-block-columns-is-layout-flex\">\n<div class=\"wp-block-column is-layout-flow wp-block-column-is-layout-flow\">\n<div class=\"wp-block-animate-blocks-animate\" data-aos=\"\">\n<p><img loading=\"lazy\" decoding=\"async\" class=\"alignnone size-thumbnail wp-image-2161\" src=\"https:\/\/www.foyerrichelieuwelland.com\/wp-content\/uploads\/2020\/07\/check.svg\" alt=\"\" width=\"150\" height=\"150\" srcset=\"https:\/\/www.foyerrichelieuwelland.com\/wp-content\/uploads\/\/2020\/07\/check.svg 150w, https:\/\/www.foyerrichelieuwelland.com\/wp-content\/uploads\/\/2020\/07\/check.svg 300w, https:\/\/www.foyerrichelieuwelland.com\/wp-content\/uploads\/\/2020\/07\/check.svg 1024w\" sizes=\"(max-width: 150px) 100vw, 150px\" \/><\/p>\n<h6>La mission\u00a0<\/h6>\n<p>Le Foyer est un \u00e9tablissement catholique \u00e0 but non lucrative qui offre des soins de qualit\u00e9 exceptionnelle afin d\u2019\u00eatre un appui au vieillissement des members de la communaut\u00e9 francophone.<\/p>\n<\/div>\n<\/div>\n\n\n\n<div class=\"wp-block-column is-layout-flow wp-block-column-is-layout-flow\">\n<div class=\"wp-block-animate-blocks-animate\" data-aos=\"\">\n<p><img loading=\"lazy\" decoding=\"async\" class=\"alignnone size-thumbnail wp-image-2162\" src=\"https:\/\/www.foyerrichelieuwelland.com\/wp-content\/uploads\/2020\/07\/eye.svg\" alt=\"\" width=\"150\" height=\"150\" srcset=\"https:\/\/www.foyerrichelieuwelland.com\/wp-content\/uploads\/\/2020\/07\/eye.svg 150w, https:\/\/www.foyerrichelieuwelland.com\/wp-content\/uploads\/\/2020\/07\/eye.svg 300w, https:\/\/www.foyerrichelieuwelland.com\/wp-content\/uploads\/\/2020\/07\/eye.svg 1024w\" sizes=\"(max-width: 150px) 100vw, 150px\" \/><\/p>\n<h6>La vision\u00a0<\/h6>\n<p>Les francophones ont acc\u00e8s \u00e0 un carrefour de soins et un milieu de vie ancr\u00e9 dans leurs valeurs humaines.<\/p>\n<\/div>\n<\/div>\n<\/div>\n<\/div>\n<\/div>\n<\/div>\n<\/div>\n<\/div>\n<\/div><\/div>\n","protected":false},"excerpt":{"rendered":"","protected":false},"author":1,"featured_media":0,"parent":0,"menu_order":0,"comment_status":"closed","ping_status":"closed","template":"","meta":{"kt_blocks_editor_width":"","footnotes":""},"class_list":["post-1790","page","type-page","status-publish","hentry"],"yoast_head":"<!-- This site is optimized with the Yoast SEO plugin v14.0.2 - https:\/\/yoast.com\/wordpress\/plugins\/seo\/ -->\n<title>Qui sommes-nous - Foyer Richelieu<\/title>\n<meta name=\"robots\" content=\"index, follow\" \/>\n<meta name=\"googlebot\" content=\"index, follow, max-snippet:-1, max-image-preview:large, max-video-preview:-1\" \/>\n<meta name=\"bingbot\" content=\"index, follow, max-snippet:-1, max-image-preview:large, max-video-preview:-1\" \/>\n<link rel=\"canonical\" href=\"https:\/\/www.foyerrichelieuwelland.com\/fr\/who-we-are\/\" \/>\n<meta property=\"og:locale\" content=\"fr_FR\" \/>\n<meta property=\"og:type\" content=\"article\" \/>\n<meta property=\"og:title\" content=\"Qui sommes-nous - Foyer Richelieu\" \/>\n<meta property=\"og:url\" content=\"https:\/\/www.foyerrichelieuwelland.com\/fr\/who-we-are\/\" \/>\n<meta property=\"og:site_name\" content=\"Foyer Richelieu\" \/>\n<meta property=\"article:modified_time\" content=\"2025-10-27T12:49:59+00:00\" \/>\n<meta property=\"og:image\" content=\"https:\/\/www.foyerrichelieuwelland.com\/wp-content\/uploads\/2020\/07\/check.svg\" \/>\n<meta name=\"twitter:card\" content=\"summary_large_image\" \/>\n<script type=\"application\/ld+json\" class=\"yoast-schema-graph\">{\"@context\":\"https:\/\/schema.org\",\"@graph\":[{\"@type\":\"WebSite\",\"@id\":\"https:\/\/www.foyerrichelieuwelland.com\/fr\/#website\",\"url\":\"https:\/\/www.foyerrichelieuwelland.com\/fr\/\",\"name\":\"Foyer Richelieu\",\"description\":\"\",\"potentialAction\":[{\"@type\":\"SearchAction\",\"target\":\"https:\/\/www.foyerrichelieuwelland.com\/fr\/?s={search_term_string}\",\"query-input\":\"required name=search_term_string\"}],\"inLanguage\":\"fr-FR\"},{\"@type\":\"ImageObject\",\"@id\":\"https:\/\/www.foyerrichelieuwelland.com\/fr\/who-we-are\/#primaryimage\",\"inLanguage\":\"fr-FR\",\"url\":\"https:\/\/www.foyerrichelieuwelland.com\/wp-content\/uploads\/2020\/07\/check.svg\"},{\"@type\":\"WebPage\",\"@id\":\"https:\/\/www.foyerrichelieuwelland.com\/fr\/who-we-are\/#webpage\",\"url\":\"https:\/\/www.foyerrichelieuwelland.com\/fr\/who-we-are\/\",\"name\":\"Qui sommes-nous - Foyer Richelieu\",\"isPartOf\":{\"@id\":\"https:\/\/www.foyerrichelieuwelland.com\/fr\/#website\"},\"primaryImageOfPage\":{\"@id\":\"https:\/\/www.foyerrichelieuwelland.com\/fr\/who-we-are\/#primaryimage\"},\"datePublished\":\"2020-07-07T11:08:42+00:00\",\"dateModified\":\"2025-10-27T12:49:59+00:00\",\"inLanguage\":\"fr-FR\",\"potentialAction\":[{\"@type\":\"ReadAction\",\"target\":[\"https:\/\/www.foyerrichelieuwelland.com\/fr\/who-we-are\/\"]}]}]}<\/script>\n<!-- \/ Yoast SEO plugin. -->","_links":{"self":[{"href":"https:\/\/www.foyerrichelieuwelland.com\/fr\/wp-json\/wp\/v2\/pages\/1790"}],"collection":[{"href":"https:\/\/www.foyerrichelieuwelland.com\/fr\/wp-json\/wp\/v2\/pages"}],"about":[{"href":"https:\/\/www.foyerrichelieuwelland.com\/fr\/wp-json\/wp\/v2\/types\/page"}],"author":[{"embeddable":true,"href":"https:\/\/www.foyerrichelieuwelland.com\/fr\/wp-json\/wp\/v2\/users\/1"}],"replies":[{"embeddable":true,"href":"https:\/\/www.foyerrichelieuwelland.com\/fr\/wp-json\/wp\/v2\/comments?post=1790"}],"version-history":[{"count":30,"href":"https:\/\/www.foyerrichelieuwelland.com\/fr\/wp-json\/wp\/v2\/pages\/1790\/revisions"}],"predecessor-version":[{"id":5115,"href":"https:\/\/www.foyerrichelieuwelland.com\/fr\/wp-json\/wp\/v2\/pages\/1790\/revisions\/5115"}],"wp:attachment":[{"href":"https:\/\/www.foyerrichelieuwelland.com\/fr\/wp-json\/wp\/v2\/media?parent=1790"}],"curies":[{"name":"wp","href":"https:\/\/api.w.org\/{rel}","templated":true}]}}