{"id":1867,"date":"2020-07-08T07:37:27","date_gmt":"2020-07-08T07:37:27","guid":{"rendered":"https:\/\/www.foyerrichelieuwelland.com\/?page_id=1867"},"modified":"2025-09-05T10:04:00","modified_gmt":"2025-09-05T14:04:00","slug":"jobs","status":"publish","type":"page","link":"https:\/\/www.foyerrichelieuwelland.com\/fr\/jobs\/","title":{"rendered":"Emplois"},"content":{"rendered":"<div class=\"wp-block-lazyblock-haut-de-page-de-sections lazyblock-haut-de-page-de-sections-JKHcU\"><section class=\"parallax\" data-stellar-background-ratio=\"0.8\" style=\"background-image:url('\/wp-content\/uploads\/2020\/07\/header-jobs.jpg');\">\r\n<div id=\"coloroverlay\" class=\"opacity-medium\"><\/div>\r\n<div class=\"container\">\r\n<div class=\"inner-banner\">\r\n<h1>Emplois<br><span>Soyez un h\u00e9ros pour nos h\u00e9ros<\/span><\/h1>\r\n<p><\/p>\r\n<\/div>\r\n<\/div>\r\n<\/section><\/div>\n\n\n<div class=\"wp-block-group\"><div class=\"wp-block-group__inner-container is-layout-flow wp-block-group-is-layout-flow\">\n<div class=\"wp-block-columns mb-0 sm-full-width is-layout-flex wp-container-core-columns-is-layout-1 wp-block-columns-is-layout-flex\">\n<div class=\"wp-block-column is-layout-flow wp-block-column-is-layout-flow\" style=\"flex-basis:66.66%\">\n<div class=\"wp-block-animate-blocks-animate job-left\" data-aos=\"fade-right\">\n<h5>Le Foyer Richelieu Welland est un \u00e9tablissement \u00e0 but non lucratif qui offre aux francophones des services de qualit\u00e9 sup\u00e9rieure pour les besoins en soins de longue dur\u00e9e. Notre foyer, c&#8217;est plus qu&#8217;un simple travail dans un foyer; c\u2019est d\u2019\u00eatre un h\u00e9ros pour nos ain\u00e9s.<\/h5>\n<p>Le Foyer Richelieu Welland acquiert 66 nouveaux lits de SLD d&#8217;ici 2023. Cela doublera essentiellement le nombre de lits dans l&#8217;\u00e9tablissement, ce qui portera le total \u00e0 128, et n\u00e9cessitera l&#8217;embauche de 100 employ\u00e9s suppl\u00e9mentaires allant du personnel de soutien, aux infirmi\u00e8res autoris\u00e9es aux administrateurs en passant par l&#8217;entretien m\u00e9nager et l&#8217;alimentation.<\/p>\n<p>Avec ce nouveau projet, nous cherchons \u00e0 recruter beaucoup de nouveaux talents pour faire partie de notre \u00e9quipe Foyer, et nous en aurons besoin de beaucoup. Nous vous encourageons \u00e0 soumettre une candidature \u00e0 tout moment!<\/p>\n<p>Joignez-vous \u00e0 l&#8217;\u00e9quipe pour faire partie de cette belle aventure et aider \u00e0 faire une diff\u00e9rence dans la vie de nos a\u00een\u00e9s et de leurs familles.<\/p>\n<\/div>\n<\/div>\n\n\n\n<div class=\"wp-block-column job-form is-layout-flow wp-block-column-is-layout-flow\" style=\"flex-basis:33.33%\">\n<div class=\"wp-block-animate-blocks-animate contact-form\" data-aos=\"fade\">\n<h5 class=\"wp-block-heading\">Envoyez votre CV<\/h5>\n\n\n\n<div role=\"form\" class=\"wpcf7\" id=\"wpcf7-f1880-o1\" lang=\"fr-FR\" dir=\"ltr\">\n<div class=\"screen-reader-response\"><\/div>\n<form action=\"\/fr\/wp-json\/wp\/v2\/pages\/1867#wpcf7-f1880-o1\" method=\"post\" class=\"wpcf7-form\" enctype=\"multipart\/form-data\" novalidate=\"novalidate\">\n<div style=\"display: none;\">\n<input type=\"hidden\" name=\"_wpcf7\" value=\"1880\" \/>\n<input type=\"hidden\" name=\"_wpcf7_version\" value=\"5.1.7\" \/>\n<input type=\"hidden\" name=\"_wpcf7_locale\" value=\"fr_FR\" \/>\n<input type=\"hidden\" name=\"_wpcf7_unit_tag\" value=\"wpcf7-f1880-o1\" \/>\n<input type=\"hidden\" name=\"_wpcf7_container_post\" value=\"0\" \/>\n<\/div>\n<div class=\"row\">\n<div class=\"col-md-12\"><span class=\"wpcf7-form-control-wrap your-fname\"><input type=\"text\" name=\"your-fname\" value=\"\" size=\"40\" class=\"wpcf7-form-control wpcf7-text wpcf7-validates-as-required\" aria-required=\"true\" aria-invalid=\"false\" placeholder=\"Pr\u00e9nom*\" \/><\/span><\/div>\n<div class=\"col-md-12\"><span class=\"wpcf7-form-control-wrap your-lname\"><input type=\"text\" name=\"your-lname\" value=\"\" size=\"40\" class=\"wpcf7-form-control wpcf7-text wpcf7-validates-as-required\" aria-required=\"true\" aria-invalid=\"false\" placeholder=\"Nom*\" \/><\/span><\/div>\n<div class=\"col-md-12\"><span class=\"wpcf7-form-control-wrap your-city\"><input type=\"text\" name=\"your-city\" value=\"\" size=\"40\" class=\"wpcf7-form-control wpcf7-text wpcf7-validates-as-required\" aria-required=\"true\" aria-invalid=\"false\" placeholder=\"Ville*\" \/><\/span><\/div>\n<div class=\"col-md-12\"><span class=\"wpcf7-form-control-wrap tel-number\"><input type=\"tel\" name=\"tel-number\" value=\"\" size=\"40\" class=\"wpcf7-form-control wpcf7-text wpcf7-tel wpcf7-validates-as-required wpcf7-validates-as-tel\" aria-required=\"true\" aria-invalid=\"false\" placeholder=\"T\u00e9l\u00e9phone*\" \/><\/span><\/div>\n<div class=\"col-md-12\"><span class=\"wpcf7-form-control-wrap your-email\"><input type=\"email\" name=\"your-email\" value=\"\" size=\"40\" class=\"wpcf7-form-control wpcf7-text wpcf7-email wpcf7-validates-as-required wpcf7-validates-as-email\" aria-required=\"true\" aria-invalid=\"false\" placeholder=\"Courriel*\" \/><\/span><\/div>\n<div class=\"col-md-12\"><label>Veuillez s\u00e9lectionner un Postes*<\/label><br \/>\n<span class=\"wpcf7-form-control-wrap menu-22\"><select name=\"menu-22\" class=\"wpcf7-form-control wpcf7-select wpcf7-validates-as-required\" aria-required=\"true\" aria-invalid=\"false\"><option value=\"Administration\">Administration<\/option><option value=\"Infirmi\u00e8re auxiliaire autoris\u00e9e\">Infirmi\u00e8re auxiliaire autoris\u00e9e<\/option><option value=\"Infirmi\u00e8re auxiliaire\">Infirmi\u00e8re auxiliaire<\/option><option value=\"Personnel de soutien\">Personnel de soutien<\/option><option value=\"Pr\u00e9pos\u00e9 \u00e0 la lessive\">Pr\u00e9pos\u00e9 \u00e0 la lessive<\/option><option value=\"Pr\u00e9pos\u00e9 \u00e0 l&#039;entretien m\u00e9nager\">Pr\u00e9pos\u00e9 \u00e0 l&#039;entretien m\u00e9nager<\/option><option value=\"Chef\">Chef<\/option><option value=\"Aide di\u00e9t\u00e9tiste\">Aide di\u00e9t\u00e9tiste<\/option><option value=\"R\u00e9cr\u00e9ationniste th\u00e9rapeutique\">R\u00e9cr\u00e9ationniste th\u00e9rapeutique<\/option><option value=\"B\u00e9n\u00e9vole\">B\u00e9n\u00e9vole<\/option><\/select><\/span>\n<\/div>\n<div class=\"col-md-12\"><label>Curriculum Vitae*<\/label><span class=\"wpcf7-form-control-wrap file-756\"><input type=\"file\" name=\"file-756\" size=\"40\" class=\"wpcf7-form-control wpcf7-file\" accept=\".jpg,.jpeg,.png,.gif,.pdf,.doc,.docx,.ppt,.pptx,.txt\" aria-invalid=\"false\" \/><\/span><\/div>\n<\/div>\n<p><input type=\"submit\" value=\"Soumettre\" class=\"wpcf7-form-control wpcf7-submit\" \/><\/p>\n<div class=\"wpcf7-response-output wpcf7-display-none\"><\/div><\/form><\/div>\n<\/div>\n<\/div>\n<\/div>\n<\/div><\/div>\n","protected":false},"excerpt":{"rendered":"","protected":false},"author":1,"featured_media":0,"parent":0,"menu_order":0,"comment_status":"closed","ping_status":"closed","template":"","meta":{"kt_blocks_editor_width":"","footnotes":""},"class_list":["post-1867","page","type-page","status-publish","hentry"],"yoast_head":"<!-- This site is optimized with the Yoast SEO plugin v14.0.2 - https:\/\/yoast.com\/wordpress\/plugins\/seo\/ -->\n<title>Emplois - Foyer Richelieu<\/title>\n<meta name=\"robots\" content=\"index, follow\" \/>\n<meta name=\"googlebot\" content=\"index, follow, max-snippet:-1, max-image-preview:large, max-video-preview:-1\" \/>\n<meta name=\"bingbot\" content=\"index, follow, max-snippet:-1, max-image-preview:large, max-video-preview:-1\" \/>\n<link rel=\"canonical\" href=\"https:\/\/www.foyerrichelieuwelland.com\/fr\/jobs\/\" \/>\n<meta property=\"og:locale\" content=\"fr_FR\" \/>\n<meta property=\"og:type\" content=\"article\" \/>\n<meta property=\"og:title\" content=\"Emplois - Foyer Richelieu\" \/>\n<meta property=\"og:url\" content=\"https:\/\/www.foyerrichelieuwelland.com\/fr\/jobs\/\" \/>\n<meta property=\"og:site_name\" content=\"Foyer Richelieu\" \/>\n<meta property=\"article:modified_time\" content=\"2025-09-05T14:04:00+00:00\" \/>\n<meta name=\"twitter:card\" content=\"summary_large_image\" \/>\n<script type=\"application\/ld+json\" class=\"yoast-schema-graph\">{\"@context\":\"https:\/\/schema.org\",\"@graph\":[{\"@type\":\"WebSite\",\"@id\":\"https:\/\/www.foyerrichelieuwelland.com\/fr\/#website\",\"url\":\"https:\/\/www.foyerrichelieuwelland.com\/fr\/\",\"name\":\"Foyer Richelieu\",\"description\":\"\",\"potentialAction\":[{\"@type\":\"SearchAction\",\"target\":\"https:\/\/www.foyerrichelieuwelland.com\/fr\/?s={search_term_string}\",\"query-input\":\"required name=search_term_string\"}],\"inLanguage\":\"fr-FR\"},{\"@type\":\"WebPage\",\"@id\":\"https:\/\/www.foyerrichelieuwelland.com\/fr\/jobs\/#webpage\",\"url\":\"https:\/\/www.foyerrichelieuwelland.com\/fr\/jobs\/\",\"name\":\"Emplois - Foyer Richelieu\",\"isPartOf\":{\"@id\":\"https:\/\/www.foyerrichelieuwelland.com\/fr\/#website\"},\"datePublished\":\"2020-07-08T07:37:27+00:00\",\"dateModified\":\"2025-09-05T14:04:00+00:00\",\"inLanguage\":\"fr-FR\",\"potentialAction\":[{\"@type\":\"ReadAction\",\"target\":[\"https:\/\/www.foyerrichelieuwelland.com\/fr\/jobs\/\"]}]}]}<\/script>\n<!-- \/ Yoast SEO plugin. -->","_links":{"self":[{"href":"https:\/\/www.foyerrichelieuwelland.com\/fr\/wp-json\/wp\/v2\/pages\/1867"}],"collection":[{"href":"https:\/\/www.foyerrichelieuwelland.com\/fr\/wp-json\/wp\/v2\/pages"}],"about":[{"href":"https:\/\/www.foyerrichelieuwelland.com\/fr\/wp-json\/wp\/v2\/types\/page"}],"author":[{"embeddable":true,"href":"https:\/\/www.foyerrichelieuwelland.com\/fr\/wp-json\/wp\/v2\/users\/1"}],"replies":[{"embeddable":true,"href":"https:\/\/www.foyerrichelieuwelland.com\/fr\/wp-json\/wp\/v2\/comments?post=1867"}],"version-history":[{"count":36,"href":"https:\/\/www.foyerrichelieuwelland.com\/fr\/wp-json\/wp\/v2\/pages\/1867\/revisions"}],"predecessor-version":[{"id":4692,"href":"https:\/\/www.foyerrichelieuwelland.com\/fr\/wp-json\/wp\/v2\/pages\/1867\/revisions\/4692"}],"wp:attachment":[{"href":"https:\/\/www.foyerrichelieuwelland.com\/fr\/wp-json\/wp\/v2\/media?parent=1867"}],"curies":[{"name":"wp","href":"https:\/\/api.w.org\/{rel}","templated":true}]}}