{"id":1890,"date":"2020-07-08T13:21:03","date_gmt":"2020-07-08T13:21:03","guid":{"rendered":"https:\/\/www.foyerrichelieuwelland.com\/?page_id=1890"},"modified":"2026-03-13T09:45:37","modified_gmt":"2026-03-13T13:45:37","slug":"administration-team","status":"publish","type":"page","link":"https:\/\/www.foyerrichelieuwelland.com\/fr\/administration-team\/","title":{"rendered":"\u00c9quipe administrative"},"content":{"rendered":"<div class=\"wp-block-lazyblock-haut-de-page-de-sections lazyblock-haut-de-page-de-sections-Zlfick\"><section class=\"parallax\" data-stellar-background-ratio=\"0.8\" style=\"background-image:url('\/wp-content\/uploads\/2020\/07\/header-administration-team.jpg');\">\r\n<div id=\"coloroverlay\" class=\"opacity-medium\"><\/div>\r\n<div class=\"container\">\r\n<div class=\"inner-banner\">\r\n<h1>\u00c0 propos de nous<br><span>\u00c9quipe administrative<\/span><\/h1>\r\n<p><\/p>\r\n<\/div>\r\n<\/div>\r\n<\/section><\/div>\n\n\n<div class=\"wp-block-group admn-team\"><div class=\"wp-block-group__inner-container is-layout-flow wp-block-group-is-layout-flow\">\n<div class=\"wp-block-animate-blocks-animate container\" data-aos=\"\">\n<div class=\"wp-block-columns is-layout-flex wp-container-core-columns-is-layout-1 wp-block-columns-is-layout-flex\">\n<div class=\"wp-block-column is-layout-flow wp-block-column-is-layout-flow\" style=\"flex-basis:25%\">\n<div class=\"wp-block-animate-blocks-animate\" data-aos=\"fade-up\">\n<figure class=\"wp-block-image size-large\"><img loading=\"lazy\" decoding=\"async\" width=\"1\" height=\"1\" src=\"https:\/\/www.foyerrichelieuwelland.com\/wp-content\/uploads\/2020\/02\/spacer.png\" alt=\"\" class=\"wp-image-299\"\/><figcaption class=\"wp-element-caption\"><strong>Sean Keays<\/strong><br>Directeur general<br><a href=\"mailto:sean.keays@foyerrichelieu.com\">sean.keays@foyerrichelieu.com<\/a><br>905-734-1400 poste 130<\/figcaption><\/figure>\n<\/div>\n<\/div>\n\n\n\n<div class=\"wp-block-column is-layout-flow wp-block-column-is-layout-flow\" style=\"flex-basis:25%\">\n<div class=\"wp-block-animate-blocks-animate\" data-aos=\"fade-up\" data-aos-delay=\"100\">\n<figure class=\"wp-block-image size-large\"><img loading=\"lazy\" decoding=\"async\" width=\"1\" height=\"1\" src=\"https:\/\/www.foyerrichelieuwelland.com\/wp-content\/uploads\/2020\/02\/spacer.png\" alt=\"\" class=\"wp-image-299\"\/><figcaption class=\"wp-element-caption\"><strong>Shawn&nbsp;Marcoux<\/strong><br>Directeur des finances<br><a href=\"mailto:shawn.marcoux@foyerrichelieu.com\">shawn.marcoux@foyerrichelieu.com<\/a><br>905-734-1400 poste 123<\/figcaption><\/figure>\n<\/div>\n<\/div>\n\n\n\n<div class=\"wp-block-column is-layout-flow wp-block-column-is-layout-flow\" style=\"flex-basis:25%\">\n<div class=\"wp-block-animate-blocks-animate\" data-aos=\"fade-up\" data-aos-delay=\"200\">\n<figure class=\"wp-block-image size-large\"><img loading=\"lazy\" decoding=\"async\" width=\"1\" height=\"1\" src=\"https:\/\/www.foyerrichelieuwelland.com\/wp-content\/uploads\/2020\/02\/spacer.png\" alt=\"\" class=\"wp-image-299\"\/><figcaption class=\"wp-element-caption\"><strong>Jennifer Barbieri<\/strong><br>Directrice des soins<br><a href=\"mailto:jennifer.barbieri@foyerrichelieu.com\">jennifer.barbieri@foyerrichelieu.com<\/a><br>905-734-1400 poste 125<br><\/figcaption><\/figure>\n<\/div>\n<\/div>\n\n\n\n<div class=\"wp-block-column is-layout-flow wp-block-column-is-layout-flow\" style=\"flex-basis:25%\">\n<div class=\"wp-block-animate-blocks-animate\" data-aos=\"fade-up\" data-aos-delay=\"300\">\n<figure class=\"wp-block-image size-large\"><img loading=\"lazy\" decoding=\"async\" width=\"1\" height=\"1\" src=\"https:\/\/www.foyerrichelieuwelland.com\/wp-content\/uploads\/2020\/02\/spacer.png\" alt=\"\" class=\"wp-image-299\"\/><figcaption class=\"wp-element-caption\"><strong>Val\u00e9rie Chartrand<\/strong><br>Directrice des services supports &amp; RH<br><a href=\"mailto:valerie.chartrand@foyerrichelieu.com\">valerie.chartrand@foyerrichelieu.com<\/a><br>905-734-1400 poste 150<\/figcaption><\/figure>\n<\/div>\n<\/div>\n\n\n\n<div class=\"wp-block-column is-layout-flow wp-block-column-is-layout-flow\" style=\"flex-basis:0%\"><\/div>\n<\/div>\n\n\n\n<div class=\"wp-block-columns mb-0 is-layout-flex wp-container-core-columns-is-layout-2 wp-block-columns-is-layout-flex\">\n<div class=\"wp-block-column is-layout-flow wp-block-column-is-layout-flow\" style=\"flex-basis:25%\">\n<div class=\"wp-block-animate-blocks-animate\" data-aos=\"fade-up\">\n<figure class=\"wp-block-image size-large\"><img loading=\"lazy\" decoding=\"async\" width=\"1\" height=\"1\" src=\"https:\/\/www.foyerrichelieuwelland.com\/wp-content\/uploads\/2020\/02\/spacer.png\" alt=\"\" class=\"wp-image-299\"\/><figcaption class=\"wp-element-caption\"><strong>Danika Lopez<\/strong><br>Coordonnatrice de la paie<br><a href=\"mailto:danika.lopez@foyerrichelieu.com\">danika.lopez@foyerrichelieu.com<\/a><br>905-734-1400 poste 122<\/figcaption><\/figure>\n<\/div>\n<\/div>\n\n\n\n<div class=\"wp-block-column is-layout-flow wp-block-column-is-layout-flow\" style=\"flex-basis:25%\">\n<div class=\"wp-block-animate-blocks-animate\" data-aos=\"fade-up\" data-aos-delay=\"100\">\n<figure class=\"wp-block-image size-large\"><img loading=\"lazy\" decoding=\"async\" width=\"1\" height=\"1\" src=\"https:\/\/www.foyerrichelieuwelland.com\/wp-content\/uploads\/2020\/02\/spacer.png\" alt=\"\" class=\"wp-image-299\"\/><figcaption class=\"wp-element-caption\"><strong>Olivia Dussault<br><\/strong>Adjointe administrative \/ R\u00e9ceptionniste<br><a href=\"mailto:Olivia.Dussault@FoyerRichelieu.com\">Olivia.Dussault@FoyerRichelieu.com<\/a><br>905-734-1400 poste 121<br><\/figcaption><\/figure>\n<\/div>\n<\/div>\n\n\n\n<div class=\"wp-block-column is-layout-flow wp-block-column-is-layout-flow\" style=\"flex-basis:25%\">\n<div class=\"wp-block-animate-blocks-animate\" data-aos=\"fade-up\" data-aos-delay=\"200\">\n<figure class=\"wp-block-image size-large\"><img loading=\"lazy\" decoding=\"async\" width=\"1\" height=\"1\" src=\"https:\/\/www.foyerrichelieuwelland.com\/wp-content\/uploads\/2020\/02\/spacer.png\" alt=\"\" class=\"wp-image-299\"\/><figcaption class=\"wp-element-caption\"> <strong>M\u00e9lanie S\u00e9guin-Nixon<\/strong><br> Coordonnatrice aux horaires <br><a href=\"mailto:melanie.seguin@foyerrichelieu.com\">melanie.seguin@foyerrichelieu.com<\/a><br>905-734-1400 poste 151<\/figcaption><\/figure>\n<\/div>\n<\/div>\n\n\n\n<div class=\"wp-block-column is-layout-flow wp-block-column-is-layout-flow\" style=\"flex-basis:25%\">\n<div class=\"wp-block-animate-blocks-animate\" data-aos=\"fade-up\" data-aos-delay=\"300\">\n<figure class=\"wp-block-image size-large\"><img loading=\"lazy\" decoding=\"async\" width=\"1\" height=\"1\" src=\"https:\/\/www.foyerrichelieuwelland.com\/wp-content\/uploads\/2020\/02\/spacer.png\" alt=\"\" class=\"wp-image-299\"\/><figcaption class=\"wp-element-caption\"> <strong>Daniel&nbsp;Keays<\/strong><br> Directeur du d\u00e9veloppement et des relations avec les donateurs <br><a href=\"mailto:daniel.keays@foyerrichelieu.com\">daniel.keays@foyerrichelieu.com<\/a><br>905-734-1400 poste 148<\/figcaption><\/figure>\n<\/div>\n<\/div>\n\n\n\n<div class=\"wp-block-column is-layout-flow wp-block-column-is-layout-flow\" style=\"flex-basis:0%\"><\/div>\n<\/div>\n\n\n\n<div class=\"wp-block-columns mb-0 is-layout-flex wp-container-core-columns-is-layout-3 wp-block-columns-is-layout-flex\">\n<div class=\"wp-block-column is-layout-flow wp-block-column-is-layout-flow\" style=\"flex-basis:25%\">\n<div class=\"wp-block-animate-blocks-animate\" data-aos=\"fade-up\">\n<figure class=\"wp-block-image size-large\"><img loading=\"lazy\" decoding=\"async\" width=\"1\" height=\"1\" src=\"https:\/\/www.foyerrichelieuwelland.com\/wp-content\/uploads\/2020\/02\/spacer.png\" alt=\"\" class=\"wp-image-299\"\/><figcaption class=\"wp-element-caption\"><strong>Lianne Croft<\/strong><br>Gestionnaire \u00e0 l&#8217;animation<br><a href=\"mailto:lianne.croft@foyerrichelieu.com\">lianne.croft@foyerrichelieu.com<\/a><br>905-734-1400 poste 222<\/figcaption><\/figure>\n\n\n\n<p><\/p>\n<\/div>\n<\/div>\n\n\n\n<div class=\"wp-block-column is-layout-flow wp-block-column-is-layout-flow\" style=\"flex-basis:25%\">\n<div class=\"wp-block-animate-blocks-animate\" data-aos=\"fade-up\" data-aos-delay=\"100\">\n<figure class=\"wp-block-image size-large\"><img loading=\"lazy\" decoding=\"async\" width=\"1\" height=\"1\" src=\"https:\/\/www.foyerrichelieuwelland.com\/wp-content\/uploads\/2020\/02\/spacer.png\" alt=\"\" class=\"wp-image-299\"\/><figcaption class=\"wp-element-caption\"><strong>Nancy Rouillier<\/strong><br>Gestionnaire de la nutrition<br><a href=\"mailto:Nancy.Rouillier@FoyerRichelieu.com\">nancy.rouillier@FoyerRichelieu.com<\/a><br>905-734-1400 poste 124<\/figcaption><\/figure>\n<\/div>\n<\/div>\n\n\n\n<div class=\"wp-block-column is-layout-flow wp-block-column-is-layout-flow\" style=\"flex-basis:25%\">\n<div class=\"wp-block-animate-blocks-animate\" data-aos=\"fade-up\" data-aos-delay=\"200\">\n<figure class=\"wp-block-image size-large\"><img loading=\"lazy\" decoding=\"async\" width=\"1\" height=\"1\" src=\"https:\/\/www.foyerrichelieuwelland.com\/wp-content\/uploads\/2020\/02\/spacer.png\" alt=\"\" class=\"wp-image-299\"\/><figcaption class=\"wp-element-caption\"><strong>Daniel\u00a0Robichaud<\/strong><br>Gestionnaire de la maintenance<br><a href=\"mailto:daniel.robichaud@foyerrichelieu.com\">daniel.robichaud@foyerrichelieu.com<\/a><br>905-734-1400 poste 131<\/figcaption><\/figure>\n<\/div>\n<\/div>\n\n\n\n<div class=\"wp-block-column is-layout-flow wp-block-column-is-layout-flow\" style=\"flex-basis:25%\">\n<div class=\"wp-block-animate-blocks-animate\" data-aos=\"fade-up\" data-aos-delay=\"300\">\n<figure class=\"wp-block-image size-large\"><img loading=\"lazy\" decoding=\"async\" width=\"1\" height=\"1\" src=\"https:\/\/www.foyerrichelieuwelland.com\/wp-content\/uploads\/2020\/02\/spacer.png\" alt=\"\" class=\"wp-image-299\"\/><figcaption class=\"wp-element-caption\"><strong>Francine Yasko<\/strong><br> Responsable de la pr\u00e9vention et du contr\u00f4le des infections (PCI)<br><a href=\"mailto:Francine.Yasko@FoyerRichelieu.com\">francine.yasko@FoyerRichelieu.com<\/a><br>905-734-1400 poste 223<\/figcaption><\/figure>\n\n\n\n<p><\/p>\n<\/div>\n<\/div>\n\n\n\n<div class=\"wp-block-column is-layout-flow wp-block-column-is-layout-flow\" style=\"flex-basis:0%\"><\/div>\n<\/div>\n\n\n\n<div class=\"wp-block-columns mb-0 is-layout-flex wp-container-core-columns-is-layout-4 wp-block-columns-is-layout-flex\">\n<div class=\"wp-block-column is-layout-flow wp-block-column-is-layout-flow\" style=\"flex-basis:25%\">\n<div class=\"wp-block-animate-blocks-animate\" data-aos=\"fade-up\">\n<figure class=\"wp-block-image size-large\"><img loading=\"lazy\" decoding=\"async\" width=\"1\" height=\"1\" src=\"https:\/\/www.foyerrichelieuwelland.com\/wp-content\/uploads\/2020\/02\/spacer.png\" alt=\"\" class=\"wp-image-299\"\/><figcaption class=\"wp-element-caption\"><strong>Manon Gaudreau<br><\/strong>Coordonnatrice des ressources humaines<br><a href=\"mailto:Manon.Gaudreau@foyerrichelieu.com\">manon.gaudreau@foyerrichelieu.com<\/a><br>905-734-1400 poste 140<\/figcaption><\/figure>\n\n\n\n<p><\/p>\n<\/div>\n<\/div>\n\n\n\n<div class=\"wp-block-column is-layout-flow wp-block-column-is-layout-flow\" style=\"flex-basis:25%\">\n<div class=\"wp-block-animate-blocks-animate\" data-aos=\"fade-up\" data-aos-delay=\"100\">\n<figure class=\"wp-block-image size-large\"><img loading=\"lazy\" decoding=\"async\" width=\"1\" height=\"1\" src=\"https:\/\/www.foyerrichelieuwelland.com\/wp-content\/uploads\/2020\/02\/spacer.png\" alt=\"\" class=\"wp-image-299\"\/><figcaption class=\"wp-element-caption\"><strong>Cindy Monaghan<\/strong><br>Gestionnaire du soutien aux r\u00e9sidents<br><a href=\"mailto:Cindy.Monaghan@foyerrichelieu.com\">cindy.monaghan@foyerrichelieu.com<\/a><br>905-734-1400 poste 322<\/figcaption><\/figure>\n<\/div>\n<\/div>\n\n\n\n<div class=\"wp-block-column is-layout-flow wp-block-column-is-layout-flow\" style=\"flex-basis:25%\">\n<div class=\"wp-block-animate-blocks-animate\" data-aos=\"fade-up\" data-aos-delay=\"100\">\n<figure class=\"wp-block-image size-large\"><img loading=\"lazy\" decoding=\"async\" width=\"1\" height=\"1\" src=\"https:\/\/www.foyerrichelieuwelland.com\/wp-content\/uploads\/2020\/02\/spacer.png\" alt=\"\" class=\"wp-image-299\"\/><figcaption class=\"wp-element-caption\"><strong>Glenda Mendes<\/strong><br>Gestionnaire des services de r\u00e9adaptation<br><a href=\"mailto:Cindy.Monaghan@foyerrichelieu.com\">glenda.mendes@foyerrichelieu.com<\/a><br>905-734-1400 poste 323<\/figcaption><\/figure>\n<\/div>\n<\/div>\n\n\n\n<div class=\"wp-block-column is-layout-flow wp-block-column-is-layout-flow\" style=\"flex-basis:25%\">\n<div class=\"wp-block-animate-blocks-animate\" data-aos=\"fade-up\" data-aos-delay=\"100\">\n<figure class=\"wp-block-image size-large\"><img loading=\"lazy\" decoding=\"async\" width=\"1\" height=\"1\" src=\"https:\/\/www.foyerrichelieuwelland.com\/wp-content\/uploads\/2020\/02\/spacer.png\" alt=\"\" class=\"wp-image-299\"\/><figcaption class=\"wp-element-caption\"><strong>Charles Lecompte<\/strong><br>Superviseur du b\u00e2timent<br><a href=\"mailto:charles.lecompte@foyerrichelieu.com\">charles.lecompte@foyerrichelieu.com<\/a><br>905-734-1400 poste 131<\/figcaption><\/figure>\n<\/div>\n<\/div>\n<\/div>\n\n\n\n<p><\/p>\n<\/div>\n<\/div><\/div>\n\n\n<p style=\"text-align: center;\">Infirmi\u00e8re en charge du Pavillon Communautaire: 905-734-1400 ext. 220<\/p>\n<p style=\"text-align: center;\">Infirmi\u00e8re en charge du Pavillon Sagesse: 905-734-1400 ext. 225<\/p>\n<p style=\"text-align: center;\">Infirmi\u00e8re en charge du Pavillon Sainte Catherine: 905-734-1400 ext. 320<\/p>\n<p style=\"text-align: center;\">Infirmi\u00e8re en charge du Pavillon Richelieu: 905-734-1400 ext. 325<\/p>","protected":false},"excerpt":{"rendered":"<p>Infirmi\u00e8re en charge du Pavillon Communautaire: 905-734-1400 ext. 220 Infirmi\u00e8re en charge du Pavillon Sagesse: 905-734-1400 ext. 225 Infirmi\u00e8re en charge du Pavillon Sainte Catherine: 905-734-1400 ext. 320 Infirmi\u00e8re en charge du Pavillon Richelieu: 905-734-1400 ext. 325<\/p>\n","protected":false},"author":1,"featured_media":0,"parent":0,"menu_order":0,"comment_status":"closed","ping_status":"closed","template":"","meta":{"kt_blocks_editor_width":"","footnotes":""},"class_list":["post-1890","page","type-page","status-publish","hentry"],"yoast_head":"<!-- This site is optimized with the Yoast SEO plugin v14.0.2 - https:\/\/yoast.com\/wordpress\/plugins\/seo\/ -->\n<title>\u00c9quipe administrative - Foyer Richelieu<\/title>\n<meta name=\"robots\" content=\"index, follow\" \/>\n<meta name=\"googlebot\" content=\"index, follow, max-snippet:-1, max-image-preview:large, max-video-preview:-1\" \/>\n<meta name=\"bingbot\" content=\"index, follow, max-snippet:-1, max-image-preview:large, max-video-preview:-1\" \/>\n<link rel=\"canonical\" href=\"https:\/\/www.foyerrichelieuwelland.com\/fr\/administration-team\/\" \/>\n<meta property=\"og:locale\" content=\"fr_FR\" \/>\n<meta property=\"og:type\" content=\"article\" \/>\n<meta property=\"og:title\" content=\"\u00c9quipe administrative - Foyer Richelieu\" \/>\n<meta property=\"og:description\" content=\"Infirmi\u00e8re en charge du Pavillon Communautaire: 905-734-1400 ext. 220 Infirmi\u00e8re en charge du Pavillon Sagesse: 905-734-1400 ext. 225 Infirmi\u00e8re en charge du Pavillon Sainte Catherine: 905-734-1400 ext. 320 Infirmi\u00e8re en charge du Pavillon Richelieu: 905-734-1400 ext. 325\" \/>\n<meta property=\"og:url\" content=\"https:\/\/www.foyerrichelieuwelland.com\/fr\/administration-team\/\" \/>\n<meta property=\"og:site_name\" content=\"Foyer Richelieu\" \/>\n<meta property=\"article:modified_time\" content=\"2026-03-13T13:45:37+00:00\" \/>\n<meta property=\"og:image\" content=\"https:\/\/www.foyerrichelieuwelland.com\/wp-content\/uploads\/2020\/02\/spacer.png\" \/>\n<meta name=\"twitter:card\" content=\"summary_large_image\" \/>\n<script type=\"application\/ld+json\" class=\"yoast-schema-graph\">{\"@context\":\"https:\/\/schema.org\",\"@graph\":[{\"@type\":\"WebSite\",\"@id\":\"https:\/\/www.foyerrichelieuwelland.com\/fr\/#website\",\"url\":\"https:\/\/www.foyerrichelieuwelland.com\/fr\/\",\"name\":\"Foyer Richelieu\",\"description\":\"\",\"potentialAction\":[{\"@type\":\"SearchAction\",\"target\":\"https:\/\/www.foyerrichelieuwelland.com\/fr\/?s={search_term_string}\",\"query-input\":\"required name=search_term_string\"}],\"inLanguage\":\"fr-FR\"},{\"@type\":\"ImageObject\",\"@id\":\"https:\/\/www.foyerrichelieuwelland.com\/fr\/administration-team\/#primaryimage\",\"inLanguage\":\"fr-FR\",\"url\":\"https:\/\/www.foyerrichelieuwelland.com\/wp-content\/uploads\/2020\/02\/spacer.png\",\"width\":1,\"height\":1},{\"@type\":\"WebPage\",\"@id\":\"https:\/\/www.foyerrichelieuwelland.com\/fr\/administration-team\/#webpage\",\"url\":\"https:\/\/www.foyerrichelieuwelland.com\/fr\/administration-team\/\",\"name\":\"\\u00c9quipe administrative - Foyer Richelieu\",\"isPartOf\":{\"@id\":\"https:\/\/www.foyerrichelieuwelland.com\/fr\/#website\"},\"primaryImageOfPage\":{\"@id\":\"https:\/\/www.foyerrichelieuwelland.com\/fr\/administration-team\/#primaryimage\"},\"datePublished\":\"2020-07-08T13:21:03+00:00\",\"dateModified\":\"2026-03-13T13:45:37+00:00\",\"inLanguage\":\"fr-FR\",\"potentialAction\":[{\"@type\":\"ReadAction\",\"target\":[\"https:\/\/www.foyerrichelieuwelland.com\/fr\/administration-team\/\"]}]}]}<\/script>\n<!-- \/ Yoast SEO plugin. -->","_links":{"self":[{"href":"https:\/\/www.foyerrichelieuwelland.com\/fr\/wp-json\/wp\/v2\/pages\/1890"}],"collection":[{"href":"https:\/\/www.foyerrichelieuwelland.com\/fr\/wp-json\/wp\/v2\/pages"}],"about":[{"href":"https:\/\/www.foyerrichelieuwelland.com\/fr\/wp-json\/wp\/v2\/types\/page"}],"author":[{"embeddable":true,"href":"https:\/\/www.foyerrichelieuwelland.com\/fr\/wp-json\/wp\/v2\/users\/1"}],"replies":[{"embeddable":true,"href":"https:\/\/www.foyerrichelieuwelland.com\/fr\/wp-json\/wp\/v2\/comments?post=1890"}],"version-history":[{"count":65,"href":"https:\/\/www.foyerrichelieuwelland.com\/fr\/wp-json\/wp\/v2\/pages\/1890\/revisions"}],"predecessor-version":[{"id":5179,"href":"https:\/\/www.foyerrichelieuwelland.com\/fr\/wp-json\/wp\/v2\/pages\/1890\/revisions\/5179"}],"wp:attachment":[{"href":"https:\/\/www.foyerrichelieuwelland.com\/fr\/wp-json\/wp\/v2\/media?parent=1890"}],"curies":[{"name":"wp","href":"https:\/\/api.w.org\/{rel}","templated":true}]}}