{"id":1970,"date":"2020-07-09T13:36:43","date_gmt":"2020-07-09T13:36:43","guid":{"rendered":"https:\/\/www.foyerrichelieuwelland.com\/?page_id=1970"},"modified":"2020-08-19T14:34:09","modified_gmt":"2020-08-19T14:34:09","slug":"for-the-family-to-know","status":"publish","type":"page","link":"https:\/\/www.foyerrichelieuwelland.com\/fr\/for-the-family-to-know\/","title":{"rendered":"Informations pour la famille"},"content":{"rendered":"<div class=\"wp-block-lazyblock-haut-de-page-de-sections lazyblock-haut-de-page-de-sections-Z2lQT1o\"><section class=\"parallax\" data-stellar-background-ratio=\"0.8\" style=\"background-image:url('\/wp-content\/uploads\/2020\/07\/header-for-the-family-to-know.jpg');\">\r\n<div id=\"coloroverlay\" class=\"opacity-medium\"><\/div>\r\n<div class=\"container\">\r\n<div class=\"inner-banner\">\r\n<h1>Rester avec nous<br><span>Informations pour la famille<\/span><\/h1>\r\n<p><\/p>\r\n<\/div>\r\n<\/div>\r\n<\/section><\/div>\n\n\n<div class=\"wp-block-group family-know-top\"><div class=\"wp-block-group__inner-container is-layout-flow wp-block-group-is-layout-flow\">\n<div class=\"wp-block-animate-blocks-animate container\" data-aos=\"\">\n<div class=\"wp-block-columns is-layout-flex wp-container-core-columns-is-layout-1 wp-block-columns-is-layout-flex\">\n<div class=\"wp-block-column family-know-top-left is-layout-flow wp-block-column-is-layout-flow\" style=\"flex-basis:50%\">\n<div class=\"wp-block-animate-blocks-animate\" data-aos=\"fade\">\n<h5>Rester avec nous<\/h5>\n<p>Il est fortement recommand\u00e9 \u00e0 l\u2019admission, que le nouveau r\u00e9sident fournisse au Foyer Richelieu Welland une copie de sa procuration financi\u00e8re et de soins de sant\u00e9. Nous croyons fermement \u00e0 l&#8217;\u00e9tablissement d&#8217;une relation saine avec le nouveau r\u00e9sident et son r\u00e9pondant. Il est tr\u00e8s important d&#8217;informer le bureau administratif de tout changement, comme un changement d&#8217;adresse ou de num\u00e9ro de t\u00e9l\u00e9phone afin de garder les voies de communication ouvertes.<\/p>\n<\/div>\n<\/div>\n\n\n\n<div class=\"wp-block-column family-know-top-right is-layout-flow wp-block-column-is-layout-flow\" style=\"flex-basis:50%\">\n<div class=\"wp-block-animate-blocks-animate\" data-aos=\"fade\">\n<p>Nous comptons sur les r\u00e9pondants et les autres membres de la famille pour nous aider \u00e0 b\u00e2tir et \u00e0 maintenir le profil psycho-social du nouvel arrivant. Leur support sera important dans la r\u00e9daction du plan de soins. Une rencontre interdisciplinaire avec le r\u00e9sident et les membres de la famille sera organis\u00e9e par le personnel des soins infirmiers dans la semaine suivant l\u2019admission.<\/p>\n<p>Dans le cas de d\u00e9t\u00e9rioration ou changement dans la sant\u00e9 du r\u00e9sident, le responsable infirmier autoris\u00e9 doit en informer le r\u00e9pondant du r\u00e9sident. Ce dernier devra entrer en contact avec les autres membres de la famille, le cas \u00e9ch\u00e9ant.<\/p>\n<\/div>\n<\/div>\n<\/div>\n<\/div>\n<\/div><\/div>\n\n\n\n<div class=\"wp-block-group family-section-1 cover-background sm-no-background-img\"><div class=\"wp-block-group__inner-container is-layout-flow wp-block-group-is-layout-flow\">\n<div class=\"wp-block-animate-blocks-animate container\" data-aos=\"fade-up\">\n<div class=\"wp-block-columns mb-0 sm-full-width is-layout-flex wp-container-core-columns-is-layout-2 wp-block-columns-is-layout-flex\">\n<div class=\"wp-block-column d-none-sm is-layout-flow wp-block-column-is-layout-flow\"><\/div>\n\n\n\n<div class=\"wp-block-column is-layout-flow wp-block-column-is-layout-flow\">\n<div class=\"wp-block-animate-blocks-animate\" data-aos=\"fade-up\" data-aos-delay=\"100\">\n<h5>Heures des visites<\/h5>\n<p>Les membres de la famille et les visiteurs sont toujours les bienvenus. L\u2019entr\u00e9e principale est <strong>ouverte de 6&nbsp;h&nbsp;30<\/strong> \u00e0 <strong>19&nbsp;h&nbsp;30<\/strong> l\u2019hiver et de<strong> 6&nbsp;h&nbsp;30 \u00e0 20&nbsp;h&nbsp;30<\/strong> l\u2019\u00e9t\u00e9.<\/p>\n<p>L\u2019apr\u00e8s-midi et la soir\u00e9e sont les moments qui conviennent le mieux pour visiter un r\u00e9sident. Le personnel du Foyer peut exiger qu\u2019un visiteur s\u2019identifie lorsqu\u2019il est question de la s\u00e9curit\u00e9 des r\u00e9sidents.<\/p>\n<p>Pendant la saison de la grippe, si vous \u00eates malade, veuillez vous abstenir de venir au Foyer pour que la sant\u00e9 de nos r\u00e9sidents ne soit pas compromise.<\/p>\n<p>Lorsqu\u2019il y a une \u00e9pid\u00e9mie, les consignes \u00e9tablies par la direction du Foyer doivent \u00eatre respect\u00e9es.<\/p>\n<h5>Stationnement<\/h5>\n<p>Les visiteurs sont pri\u00e9s d\u2019utiliser le stationnement en face du Foyer. Le stationnement situ\u00e9 \u00e0 l\u2019arri\u00e8re du Foyer est r\u00e9serv\u00e9 aux employ\u00e9s et aux r\u00e9sidents.<\/p>\n<p>L\u2019aire de stationnement autour du rond-point et dans l\u2019all\u00e9e principale est r\u00e9serv\u00e9e aux services des incendies et d\u2019ambulance. Cette aire de stationnement est surveill\u00e9e par le service de police de Welland et le Foyer Richelieu n\u2019est pas responsable des frais de remorquage ou des amendes.<\/p>\n<\/div>\n<\/div>\n<\/div>\n<\/div>\n<\/div><\/div>\n","protected":false},"excerpt":{"rendered":"","protected":false},"author":1,"featured_media":0,"parent":0,"menu_order":0,"comment_status":"closed","ping_status":"closed","template":"","meta":{"kt_blocks_editor_width":"","footnotes":""},"class_list":["post-1970","page","type-page","status-publish","hentry"],"yoast_head":"<!-- This site is optimized with the Yoast SEO plugin v14.0.2 - https:\/\/yoast.com\/wordpress\/plugins\/seo\/ -->\n<title>Informations pour la famille - Foyer Richelieu<\/title>\n<meta name=\"robots\" content=\"index, follow\" \/>\n<meta name=\"googlebot\" content=\"index, follow, max-snippet:-1, max-image-preview:large, max-video-preview:-1\" \/>\n<meta name=\"bingbot\" content=\"index, follow, max-snippet:-1, max-image-preview:large, max-video-preview:-1\" \/>\n<link rel=\"canonical\" href=\"https:\/\/www.foyerrichelieuwelland.com\/for-the-family-to-know\/?lang=fr\/\" \/>\n<meta property=\"og:locale\" content=\"fr_FR\" \/>\n<meta property=\"og:type\" content=\"article\" \/>\n<meta property=\"og:title\" content=\"Informations pour la famille - Foyer Richelieu\" \/>\n<meta property=\"og:url\" content=\"https:\/\/www.foyerrichelieuwelland.com\/for-the-family-to-know\/?lang=fr\/\" \/>\n<meta property=\"og:site_name\" content=\"Foyer Richelieu\" \/>\n<meta property=\"article:modified_time\" content=\"2020-08-19T14:34:09+00:00\" \/>\n<meta name=\"twitter:card\" content=\"summary_large_image\" \/>\n<script type=\"application\/ld+json\" class=\"yoast-schema-graph\">{\"@context\":\"https:\/\/schema.org\",\"@graph\":[{\"@type\":\"WebSite\",\"@id\":\"https:\/\/www.foyerrichelieuwelland.com\/fr\/#website\",\"url\":\"https:\/\/www.foyerrichelieuwelland.com\/fr\/\",\"name\":\"Foyer Richelieu\",\"description\":\"\",\"potentialAction\":[{\"@type\":\"SearchAction\",\"target\":\"https:\/\/www.foyerrichelieuwelland.com\/fr\/?s={search_term_string}\",\"query-input\":\"required name=search_term_string\"}],\"inLanguage\":\"fr-FR\"},{\"@type\":\"WebPage\",\"@id\":\"https:\/\/www.foyerrichelieuwelland.com\/for-the-family-to-know\/?lang=fr\/#webpage\",\"url\":\"https:\/\/www.foyerrichelieuwelland.com\/for-the-family-to-know\/?lang=fr\/\",\"name\":\"Informations pour la famille - Foyer Richelieu\",\"isPartOf\":{\"@id\":\"https:\/\/www.foyerrichelieuwelland.com\/fr\/#website\"},\"datePublished\":\"2020-07-09T13:36:43+00:00\",\"dateModified\":\"2020-08-19T14:34:09+00:00\",\"inLanguage\":\"fr-FR\",\"potentialAction\":[{\"@type\":\"ReadAction\",\"target\":[\"https:\/\/www.foyerrichelieuwelland.com\/for-the-family-to-know\/?lang=fr\/\"]}]}]}<\/script>\n<!-- \/ Yoast SEO plugin. -->","_links":{"self":[{"href":"https:\/\/www.foyerrichelieuwelland.com\/fr\/wp-json\/wp\/v2\/pages\/1970"}],"collection":[{"href":"https:\/\/www.foyerrichelieuwelland.com\/fr\/wp-json\/wp\/v2\/pages"}],"about":[{"href":"https:\/\/www.foyerrichelieuwelland.com\/fr\/wp-json\/wp\/v2\/types\/page"}],"author":[{"embeddable":true,"href":"https:\/\/www.foyerrichelieuwelland.com\/fr\/wp-json\/wp\/v2\/users\/1"}],"replies":[{"embeddable":true,"href":"https:\/\/www.foyerrichelieuwelland.com\/fr\/wp-json\/wp\/v2\/comments?post=1970"}],"version-history":[{"count":20,"href":"https:\/\/www.foyerrichelieuwelland.com\/fr\/wp-json\/wp\/v2\/pages\/1970\/revisions"}],"predecessor-version":[{"id":4460,"href":"https:\/\/www.foyerrichelieuwelland.com\/fr\/wp-json\/wp\/v2\/pages\/1970\/revisions\/4460"}],"wp:attachment":[{"href":"https:\/\/www.foyerrichelieuwelland.com\/fr\/wp-json\/wp\/v2\/media?parent=1970"}],"curies":[{"name":"wp","href":"https:\/\/api.w.org\/{rel}","templated":true}]}}