{"id":2019,"date":"2020-07-10T04:46:42","date_gmt":"2020-07-10T04:46:42","guid":{"rendered":"https:\/\/www.foyerrichelieuwelland.com\/?page_id=2019"},"modified":"2020-08-26T13:59:01","modified_gmt":"2020-08-26T13:59:01","slug":"living-at-foyer-richelieu-welland","status":"publish","type":"page","link":"https:\/\/www.foyerrichelieuwelland.com\/fr\/living-at-foyer-richelieu-welland\/","title":{"rendered":"Vivre au Foyer Richelieu"},"content":{"rendered":"<div class=\"wp-block-lazyblock-haut-de-page-de-sections lazyblock-haut-de-page-de-sections-Z1avKbj\"><section class=\"parallax\" data-stellar-background-ratio=\"0.8\" style=\"background-image:url('\/wp-content\/uploads\/2020\/07\/header-living-at-foyer-richelieu-welland.jpg');\">\r\n<div id=\"coloroverlay\" class=\"opacity-medium\"><\/div>\r\n<div class=\"container\">\r\n<div class=\"inner-banner\">\r\n<h1>Rester avec nous<br><span>Vivre au Foyer Richelieu<\/span><\/h1>\r\n<p><\/p>\r\n<\/div>\r\n<\/div>\r\n<\/section><\/div>\n\n\n<div class=\"wp-block-group has-background\" style=\"background-color:#f7f7f7\"><div class=\"wp-block-group__inner-container is-layout-flow wp-block-group-is-layout-flow\">\n<div class=\"wp-block-animate-blocks-animate container\" data-aos=\"\">\n<div class=\"wp-block-columns salse-team is-layout-flex wp-container-core-columns-is-layout-1 wp-block-columns-is-layout-flex\">\n<div class=\"wp-block-column is-layout-flow wp-block-column-is-layout-flow\" style=\"flex-basis:33.33%\">\n<div class=\"wp-block-animate-blocks-animate\" data-aos=\"fade-right\">\n<h5 class=\"wp-block-heading\"><strong>Ameublement<\/strong><\/h5>\n<\/div>\n<\/div>\n\n\n\n<div class=\"wp-block-column is-layout-flow wp-block-column-is-layout-flow\" style=\"flex-basis:66.66%\">\n<div class=\"wp-block-animate-blocks-animate\" data-aos=\"fade-left\">\n<p>Chaque chambre est enti\u00e8rement meubl\u00e9e. Toutefois, le nouvel arrivant peut apporter un fauteuil confortable et s\u00e9curitaire adapt\u00e9 \u00e0 sa condition. Sinon nous pouvons lui en procurer un.<\/p>\n\n\n\n<p>Il doit apporter son t\u00e9l\u00e9viseur et une radio pour laquelle nous sugg\u00e9rons fortement l\u2019utilisation d\u2019\u00e9couteurs pour ce genre d\u2019appareil.<\/p>\n\n\n\n<p>Si le r\u00e9sident d\u00e9sire un air climatis\u00e9, il doit v\u00e9rifier au pr\u00e9alable avec le responsable du service de l\u2019entretien des installations, afin de s\u2019assurer s\u2019il peut se permettre une telle installation. Le r\u00e9sident doit en d\u00e9frayer les co\u00fbts d\u2019installation et de fonctionnement.<\/p>\n\n\n\n<p>Les r\u00e9frig\u00e9rateurs ne sont pas permis. Voir la politique administrative \u00ab&nbsp;Utilisation d\u2019appareils \u00e9lectriques dans les chambres des r\u00e9sidents&nbsp;\u00bb.<\/p>\n\n\n\n<p>Les rallonges \u00e9lectriques sont interdites afin de pr\u00e9venir les incendies. Voir la politique administrative \u00ab&nbsp;Utilisation de fils \u00e9lectriques&nbsp;\u00bb.<\/p>\n<\/div>\n<\/div>\n<\/div>\n\n\n\n<div class=\"wp-block-columns salse-team is-layout-flex wp-container-core-columns-is-layout-2 wp-block-columns-is-layout-flex\">\n<div class=\"wp-block-column is-layout-flow wp-block-column-is-layout-flow\" style=\"flex-basis:33.33%\">\n<div class=\"wp-block-animate-blocks-animate\" data-aos=\"fade-right\">\n<h5 class=\"wp-block-heading\"><strong>Entretien m\u00e9nager<\/strong><\/h5>\n<\/div>\n<\/div>\n\n\n\n<div class=\"wp-block-column is-layout-flow wp-block-column-is-layout-flow\" style=\"flex-basis:66.66%\">\n<div class=\"wp-block-animate-blocks-animate\" data-aos=\"fade-left\">\n<p>Les chambres des r\u00e9sidents sont nettoy\u00e9es tous les jours; l\u2019\u00e9poussetage et l\u2019utilisation de la balayeuse se font une fois par semaine. Les salles de bain, les salles de toilettes et les salles communes sont nettoy\u00e9es tous les jours. Le grand m\u00e9nage est fait une fois par ann\u00e9e selon un calendrier pr\u00e9d\u00e9termin\u00e9.<\/p>\n<\/div>\n<\/div>\n<\/div>\n\n\n\n<div class=\"wp-block-columns salse-team is-layout-flex wp-container-core-columns-is-layout-3 wp-block-columns-is-layout-flex\">\n<div class=\"wp-block-column is-layout-flow wp-block-column-is-layout-flow\" style=\"flex-basis:33.33%\">\n<div class=\"wp-block-animate-blocks-animate\" data-aos=\"fade-right\">\n<h5 class=\"wp-block-heading\"><strong>D\u00e9coration<\/strong><\/h5>\n<\/div>\n<\/div>\n\n\n\n<div class=\"wp-block-column is-layout-flow wp-block-column-is-layout-flow\" style=\"flex-basis:66.66%\">\n<div class=\"wp-block-animate-blocks-animate\" data-aos=\"fade-left\">\n<p>Pas plus de cinq (5) cadres ou autres d\u00e9corations peuvent \u00eatre accroch\u00e9s aux murs de la chambre.<\/p>\n\n\n\n<p>Nous vous demandons de contacter le service de maintenance pour installer des clous ou crochets.<\/p>\n\n\n\n<p><strong>N.B. IL EST INTERDIT D\u2019INSTALLER QUOI QUE CE SOIT (CADRE OU AUTRE) AU-DESSUS DE LA LUMI\u00c8RE, \u00c0 LA T\u00caTE DU LIT.<\/strong><\/p>\n<\/div>\n<\/div>\n<\/div>\n\n\n\n<div class=\"wp-block-columns salse-team is-layout-flex wp-container-core-columns-is-layout-4 wp-block-columns-is-layout-flex\">\n<div class=\"wp-block-column is-layout-flow wp-block-column-is-layout-flow\" style=\"flex-basis:33.33%\">\n<div class=\"wp-block-animate-blocks-animate\" data-aos=\"fade-right\">\n<h5 class=\"wp-block-heading\"><strong>Chauffage<\/strong><\/h5>\n<\/div>\n<\/div>\n\n\n\n<div class=\"wp-block-column is-layout-flow wp-block-column-is-layout-flow\" style=\"flex-basis:66.66%\">\n<div class=\"wp-block-animate-blocks-animate\" data-aos=\"fade-left\">\n<p>Un thermostat individuel contr\u00f4le la temp\u00e9rature dans chaque chambre et dans les salles communes. N.B. L\u2019usage d\u2019une chaufferette \u00e9lectrique portative est interdit.<\/p>\n<\/div>\n<\/div>\n<\/div>\n\n\n\n<div class=\"wp-block-columns salse-team is-layout-flex wp-container-core-columns-is-layout-5 wp-block-columns-is-layout-flex\">\n<div class=\"wp-block-column is-layout-flow wp-block-column-is-layout-flow\" style=\"flex-basis:33.33%\">\n<div class=\"wp-block-animate-blocks-animate\" data-aos=\"fade-right\">\n<h5 class=\"wp-block-heading\"><strong>Courrier\/journaux<\/strong><\/h5>\n<\/div>\n<\/div>\n\n\n\n<div class=\"wp-block-column is-layout-flow wp-block-column-is-layout-flow\" style=\"flex-basis:66.66%\">\n<div class=\"wp-block-animate-blocks-animate\" data-aos=\"fade-left\">\n<p>Les r\u00e9sidents peuvent se procurer des timbres au bureau administratif.<\/p>\n\n\n\n<p>Les r\u00e9sidents int\u00e9ress\u00e9s \u00e0 recevoir le journal Tribune doivent se charger de leur abonnement.<\/p>\n<\/div>\n<\/div>\n<\/div>\n<\/div>\n<\/div><\/div>\n\n\n\n<div class=\"wp-block-group left-icon-style1\"><div class=\"wp-block-group__inner-container is-layout-flow wp-block-group-is-layout-flow\">\n<div class=\"wp-block-animate-blocks-animate container\" data-aos=\"\">\n<div class=\"wp-block-columns mb-0 is-layout-flex wp-container-core-columns-is-layout-9 wp-block-columns-is-layout-flex\">\n<div class=\"wp-block-column col-mid is-layout-flow wp-block-column-is-layout-flow\">\n<div class=\"wp-block-animate-blocks-animate\" data-aos=\"fade-up\">\n<div class=\"wp-block-columns is-layout-flex wp-container-core-columns-is-layout-6 wp-block-columns-is-layout-flex\">\n<div class=\"wp-block-column is-layout-flow wp-block-column-is-layout-flow\" style=\"flex-basis:33.33%\">\n<div class=\"wp-block-image\"><figure class=\"aligncenter size-large\"><img decoding=\"async\" src=\"https:\/\/www.foyerrichelieuwelland.com\/wp-content\/uploads\/2020\/07\/phone.svg\" alt=\"\" class=\"wp-image-2036\"\/><\/figure><\/div>\n<\/div>\n\n\n\n<div class=\"wp-block-column is-layout-flow wp-block-column-is-layout-flow\" style=\"flex-basis:66.66%\">\n<h6>T\u00e9l\u00e9phone<\/h6>\n<p>L\u2019installation du t\u00e9l\u00e9phone dans la chambre est facultative. Les frais d&#8217;installation et de fonctionnement sont \u00e0 la charge du r\u00e9sident. Veuillez informer le bureau administratif du num\u00e9ro de t\u00e9l\u00e9phone du r\u00e9sident afin de tenir son dossier \u00e0 jour. Les r\u00e9sidents peuvent exceptionnellement faire des appels au poste du personnel infirmier.<\/p>\n<\/div>\n<\/div>\n<\/div>\n<\/div>\n\n\n\n<div class=\"wp-block-column col-mid is-layout-flow wp-block-column-is-layout-flow\">\n<div class=\"wp-block-animate-blocks-animate\" data-aos=\"fade-up\" data-aos-delay=\"150\">\n<div class=\"wp-block-columns is-layout-flex wp-container-core-columns-is-layout-7 wp-block-columns-is-layout-flex\">\n<div class=\"wp-block-column is-layout-flow wp-block-column-is-layout-flow\" style=\"flex-basis:33.33%\">\n<div class=\"wp-block-image\"><figure class=\"aligncenter size-large\"><img decoding=\"async\" src=\"https:\/\/www.foyerrichelieuwelland.com\/wp-content\/uploads\/2020\/07\/tv.svg\" alt=\"\" class=\"wp-image-2031\"\/><\/figure><\/div>\n<\/div>\n\n\n\n<div class=\"wp-block-column is-layout-flow wp-block-column-is-layout-flow\" style=\"flex-basis:66.66%\">\n<h6>T\u00e9l\u00e9viseur<\/h6>\n<p>Des t\u00e9l\u00e9viseurs sont install\u00e9s dans \u201cLe Salon\u201d de l\u2019aile sud et \u201cLe Relais\u201d de l\u2019aile nord. Un r\u00e9sident peut avoir un t\u00e9l\u00e9viseur dans sa chambre pourvu qu\u2019il s\u2019occupe de l\u2019installation et assume les frais d\u2019abonnement. Dans le cas de probl\u00e8mes auditifs, nous conseillons fortement l\u2019utilisation d\u2019\u00e9couteurs.<\/p>\n<\/div>\n<\/div>\n<\/div>\n<\/div>\n\n\n\n<div class=\"wp-block-column col-mid is-layout-flow wp-block-column-is-layout-flow\">\n<div class=\"wp-block-animate-blocks-animate\" data-aos=\"fade-up\" data-aos-delay=\"300\">\n<div class=\"wp-block-columns is-layout-flex wp-container-core-columns-is-layout-8 wp-block-columns-is-layout-flex\">\n<div class=\"wp-block-column is-layout-flow wp-block-column-is-layout-flow\" style=\"flex-basis:33.33%\">\n<div class=\"wp-block-image\"><figure class=\"aligncenter size-large\"><img decoding=\"async\" src=\"https:\/\/www.foyerrichelieuwelland.com\/wp-content\/uploads\/2020\/07\/gift.svg\" alt=\"\" class=\"wp-image-2037\"\/><\/figure><\/div>\n<\/div>\n\n\n\n<div class=\"wp-block-column is-layout-flow wp-block-column-is-layout-flow\" style=\"flex-basis:66.66%\">\n<h6>Pourboires<\/h6>\n<p><strong>LES POURBOIRES ET LES CADEAUX SONT INTERDITS.<\/strong> Pour la protection de notre personnel et l\u2019ensemble de notre client\u00e8le, nous sugg\u00e9rons des dons au Fonds Foyer Richelieu Welland.<\/p>\n<\/div>\n<\/div>\n<\/div>\n<\/div>\n<\/div>\n<\/div>\n<\/div><\/div>\n","protected":false},"excerpt":{"rendered":"","protected":false},"author":1,"featured_media":0,"parent":0,"menu_order":0,"comment_status":"closed","ping_status":"closed","template":"","meta":{"kt_blocks_editor_width":"","footnotes":""},"class_list":["post-2019","page","type-page","status-publish","hentry"],"yoast_head":"<!-- This site is optimized with the Yoast SEO plugin v14.0.2 - https:\/\/yoast.com\/wordpress\/plugins\/seo\/ -->\n<title>Vivre au Foyer Richelieu - Foyer Richelieu<\/title>\n<meta name=\"robots\" content=\"index, follow\" \/>\n<meta name=\"googlebot\" content=\"index, follow, max-snippet:-1, max-image-preview:large, max-video-preview:-1\" \/>\n<meta name=\"bingbot\" content=\"index, follow, max-snippet:-1, max-image-preview:large, max-video-preview:-1\" \/>\n<link rel=\"canonical\" href=\"https:\/\/www.foyerrichelieuwelland.com\/living-at-foyer-richelieu-welland\/?lang=fr\/\" \/>\n<meta property=\"og:locale\" content=\"fr_FR\" \/>\n<meta property=\"og:type\" content=\"article\" \/>\n<meta property=\"og:title\" content=\"Vivre au Foyer Richelieu - Foyer Richelieu\" \/>\n<meta property=\"og:url\" content=\"https:\/\/www.foyerrichelieuwelland.com\/living-at-foyer-richelieu-welland\/?lang=fr\/\" \/>\n<meta property=\"og:site_name\" content=\"Foyer Richelieu\" \/>\n<meta property=\"article:modified_time\" content=\"2020-08-26T13:59:01+00:00\" \/>\n<meta property=\"og:image\" content=\"https:\/\/www.foyerrichelieuwelland.com\/wp-content\/uploads\/2020\/07\/phone.svg\" \/>\n<meta name=\"twitter:card\" content=\"summary_large_image\" \/>\n<script type=\"application\/ld+json\" class=\"yoast-schema-graph\">{\"@context\":\"https:\/\/schema.org\",\"@graph\":[{\"@type\":\"WebSite\",\"@id\":\"https:\/\/www.foyerrichelieuwelland.com\/fr\/#website\",\"url\":\"https:\/\/www.foyerrichelieuwelland.com\/fr\/\",\"name\":\"Foyer Richelieu\",\"description\":\"\",\"potentialAction\":[{\"@type\":\"SearchAction\",\"target\":\"https:\/\/www.foyerrichelieuwelland.com\/fr\/?s={search_term_string}\",\"query-input\":\"required name=search_term_string\"}],\"inLanguage\":\"fr-FR\"},{\"@type\":\"ImageObject\",\"@id\":\"https:\/\/www.foyerrichelieuwelland.com\/living-at-foyer-richelieu-welland\/?lang=fr\/#primaryimage\",\"inLanguage\":\"fr-FR\",\"url\":\"https:\/\/www.foyerrichelieuwelland.com\/wp-content\/uploads\/2020\/07\/phone.svg\"},{\"@type\":\"WebPage\",\"@id\":\"https:\/\/www.foyerrichelieuwelland.com\/living-at-foyer-richelieu-welland\/?lang=fr\/#webpage\",\"url\":\"https:\/\/www.foyerrichelieuwelland.com\/living-at-foyer-richelieu-welland\/?lang=fr\/\",\"name\":\"Vivre au Foyer Richelieu - Foyer Richelieu\",\"isPartOf\":{\"@id\":\"https:\/\/www.foyerrichelieuwelland.com\/fr\/#website\"},\"primaryImageOfPage\":{\"@id\":\"https:\/\/www.foyerrichelieuwelland.com\/living-at-foyer-richelieu-welland\/?lang=fr\/#primaryimage\"},\"datePublished\":\"2020-07-10T04:46:42+00:00\",\"dateModified\":\"2020-08-26T13:59:01+00:00\",\"inLanguage\":\"fr-FR\",\"potentialAction\":[{\"@type\":\"ReadAction\",\"target\":[\"https:\/\/www.foyerrichelieuwelland.com\/living-at-foyer-richelieu-welland\/?lang=fr\/\"]}]}]}<\/script>\n<!-- \/ Yoast SEO plugin. -->","_links":{"self":[{"href":"https:\/\/www.foyerrichelieuwelland.com\/fr\/wp-json\/wp\/v2\/pages\/2019"}],"collection":[{"href":"https:\/\/www.foyerrichelieuwelland.com\/fr\/wp-json\/wp\/v2\/pages"}],"about":[{"href":"https:\/\/www.foyerrichelieuwelland.com\/fr\/wp-json\/wp\/v2\/types\/page"}],"author":[{"embeddable":true,"href":"https:\/\/www.foyerrichelieuwelland.com\/fr\/wp-json\/wp\/v2\/users\/1"}],"replies":[{"embeddable":true,"href":"https:\/\/www.foyerrichelieuwelland.com\/fr\/wp-json\/wp\/v2\/comments?post=2019"}],"version-history":[{"count":37,"href":"https:\/\/www.foyerrichelieuwelland.com\/fr\/wp-json\/wp\/v2\/pages\/2019\/revisions"}],"predecessor-version":[{"id":4720,"href":"https:\/\/www.foyerrichelieuwelland.com\/fr\/wp-json\/wp\/v2\/pages\/2019\/revisions\/4720"}],"wp:attachment":[{"href":"https:\/\/www.foyerrichelieuwelland.com\/fr\/wp-json\/wp\/v2\/media?parent=2019"}],"curies":[{"name":"wp","href":"https:\/\/api.w.org\/{rel}","templated":true}]}}