{"id":2107,"date":"2020-07-10T13:40:22","date_gmt":"2020-07-10T13:40:22","guid":{"rendered":"https:\/\/www.foyerrichelieuwelland.com\/?page_id=2107"},"modified":"2024-07-04T10:17:54","modified_gmt":"2024-07-04T14:17:54","slug":"about-the-fondation","status":"publish","type":"page","link":"https:\/\/www.foyerrichelieuwelland.com\/fr\/about-the-fondation\/","title":{"rendered":"\u00c0 propos de la fondation"},"content":{"rendered":"<div class=\"wp-block-lazyblock-haut-de-page-de-sections lazyblock-haut-de-page-de-sections-Z1FrI3t\"><section class=\"parallax\" data-stellar-background-ratio=\"0.8\" style=\"background-image:url('\/wp-content\/uploads\/2020\/07\/header-our-fondation.jpg');\">\r\n<div id=\"coloroverlay\" class=\"opacity-medium\"><\/div>\r\n<div class=\"container\">\r\n<div class=\"inner-banner\">\r\n<h1>Notre fondation<br><span>\u00c0 propos de la fondation<\/span><\/h1>\r\n<p><\/p>\r\n<\/div>\r\n<\/div>\r\n<\/section><\/div>\n\n\n<div class=\"wp-block-group fondation-top\"><div class=\"wp-block-group__inner-container is-layout-flow wp-block-group-is-layout-flow\">\n<div class=\"wp-block-animate-blocks-animate container\" data-aos=\"\">\n<div class=\"wp-block-columns is-layout-flex wp-container-core-columns-is-layout-1 wp-block-columns-is-layout-flex\">\n<div class=\"wp-block-column fondation-top-left is-layout-flow wp-block-column-is-layout-flow\" style=\"flex-basis:50%\">\n<div class=\"wp-block-animate-blocks-animate\" data-aos=\"fade\">\n<h5 class=\"wp-block-heading\">Fonds Foyer Richelieu Welland<\/h5>\n<\/div>\n<\/div>\n\n\n\n<div class=\"wp-block-column fondation-top-right is-layout-flow wp-block-column-is-layout-flow\" style=\"flex-basis:50%\">\n<div class=\"wp-block-animate-blocks-animate\" data-aos=\"fade\">\n<p>La Fondation Fonds Foyer Richelieu Welland a besoin d\u2019aide financi\u00e8re de la part de personnes d\u00e9vou\u00e9es comme vous pour assurer l\u2019avenir du Foyer Richelieu. En faisant des dons vous pouvez aider \u00e0 faire une grande diff\u00e9rence dans la vie des a\u00een\u00e9s de votre communaut\u00e9. C\u2019est une excellente fa\u00e7on de remercier ces a\u00een\u00e9s qui ont jou\u00e9 un r\u00f4le important dans notre communaut\u00e9, lorsqu\u2019ils \u00e9taient plus jeunes, mais, qui ont vraiment besoin de votre aide maintenant.<\/p>\n<p>Quand on donne du fond du coeur, \u00e7a para\u00eet! Les gens se souviennent de votre g\u00e9n\u00e9rosit\u00e9 et appr\u00e9cient votre geste honorable.<\/p>\n<\/div>\n<\/div>\n<\/div>\n<\/div>\n<\/div><\/div>\n\n\n\n<div class=\"wp-block-group section\"><div class=\"wp-block-group__inner-container is-layout-flow wp-block-group-is-layout-flow\">\n<div class=\"wp-block-group container\"><div class=\"wp-block-group__inner-container is-layout-flow wp-block-group-is-layout-flow\">\n<div class=\"wp-block-columns is-layout-flex wp-container-core-columns-is-layout-2 wp-block-columns-is-layout-flex\">\n<div class=\"wp-block-column is-layout-flow wp-block-column-is-layout-flow\">\n<div class=\"wp-block-group pm-message\"><div class=\"wp-block-group__inner-container is-layout-flow wp-block-group-is-layout-flow\">\n<div class=\"wp-block-animate-blocks-animate container\" data-aos=\"fade-up\">\n<h5>Message du pr\u00e9sident<\/h5>\n<p><img loading=\"lazy\" decoding=\"async\" class=\"alignnone wp-image-2164 size-thumbnail\" src=\"https:\/\/www.foyerrichelieuwelland.com\/wp-content\/uploads\/2020\/07\/quote-left.svg\" alt=\"\" width=\"150\" height=\"150\" srcset=\"https:\/\/www.foyerrichelieuwelland.com\/wp-content\/uploads\/\/2020\/07\/quote-left.svg 150w, https:\/\/www.foyerrichelieuwelland.com\/wp-content\/uploads\/\/2020\/07\/quote-left.svg 300w, https:\/\/www.foyerrichelieuwelland.com\/wp-content\/uploads\/\/2020\/07\/quote-left.svg 1024w\" sizes=\"(max-width: 150px) 100vw, 150px\" \/><\/p>\n\n\n\n<p>Fonds Foyer Richelieu Welland a \u00e9t\u00e9 inaugur\u00e9 en 1997. Son objectif principal est d\u2019amasser des fonds pour financer des projets qui contribuent au bien-\u00eatre des r\u00e9sidents du Foyer Richelieu Welland.<\/p>\n\n\n\n<p>La majorit\u00e9 des sommes recueillies proviennent d\u2019\u00e9v\u00e9nements sp\u00e9ciaux tels que Medecine Update, des tournois de golf, des bercethons et des ventes \u00e0 sou ainsi que des dons d\u2019individus, d\u2019organismes, de compagnies diverses ou des legs testamentaires de r\u00e9sidents d\u00e9c\u00e9d\u00e9s. Depuis ses d\u00e9buts, notre fondation a accumul\u00e9 pr\u00e8s de quatre millions de dollars.<\/p>\n\n\n\n<p>Gr\u00e2ce \u00e0 ces fonds, nos r\u00e9sidents b\u00e9n\u00e9ficient de l\u2019achat de toutes sortes d\u2019\u00e9quipement pour assurer leur confort et leur s\u00e9curit\u00e9. Parmi ces \u00e9quipements, on compte des leviers, des lits automatis\u00e9s, des baignoires sp\u00e9ciales, des portes s\u00e9curitaires automatiques, un syst\u00e8me d\u2019annonce t\u00e9l\u00e9avertisseur ainsi que des tables ajustables pour les salles \u00e0 manger, des fours informatis\u00e9s et d\u2019autres appareils sp\u00e9cialis\u00e9s de cuisine.<\/p>\n\n\n\n<p>Nous remercions sinc\u00e8rement tous ceux et celles qui, par leurs dons \u00e0 notre fondation, permettent au Foyer Richelieu Welland d\u2019offrir un milieu de vie o\u00f9 nos a\u00een\u00e9s re\u00e7oivent des soins de la plus haute qualit\u00e9.<\/p>\n\n\n\n<p><strong>&#8211; MARCEL MAURICE,<\/strong> PR\u00c9SIDENT FONDS FOYER RICHELIEU WELLAND<\/p>\n<\/div>\n<\/div><\/div>\n<\/div>\n\n\n\n<div class=\"wp-block-column is-layout-flow wp-block-column-is-layout-flow\">\n<figure class=\"wp-block-image size-large\"><img loading=\"lazy\" decoding=\"async\" width=\"457\" height=\"640\" src=\"https:\/\/www.foyerrichelieuwelland.com\/wp-content\/uploads\/2024\/07\/Photo-Marcel-Maurice.jpg\" alt=\"\" class=\"wp-image-4698\" srcset=\"https:\/\/www.foyerrichelieuwelland.com\/wp-content\/uploads\/2024\/07\/Photo-Marcel-Maurice.jpg 457w, https:\/\/www.foyerrichelieuwelland.com\/wp-content\/uploads\/2024\/07\/Photo-Marcel-Maurice-214x300.jpg 214w\" sizes=\"(max-width: 457px) 100vw, 457px\" \/><\/figure>\n<\/div>\n<\/div>\n<\/div><\/div>\n<\/div><\/div>\n","protected":false},"excerpt":{"rendered":"","protected":false},"author":1,"featured_media":0,"parent":0,"menu_order":0,"comment_status":"closed","ping_status":"closed","template":"","meta":{"kt_blocks_editor_width":"","footnotes":""},"class_list":["post-2107","page","type-page","status-publish","hentry"],"yoast_head":"<!-- This site is optimized with the Yoast SEO plugin v14.0.2 - https:\/\/yoast.com\/wordpress\/plugins\/seo\/ -->\n<title>\u00c0 propos de la fondation - Foyer Richelieu<\/title>\n<meta name=\"robots\" content=\"index, follow\" \/>\n<meta name=\"googlebot\" content=\"index, follow, max-snippet:-1, max-image-preview:large, max-video-preview:-1\" \/>\n<meta name=\"bingbot\" content=\"index, follow, max-snippet:-1, max-image-preview:large, max-video-preview:-1\" \/>\n<link rel=\"canonical\" href=\"https:\/\/www.foyerrichelieuwelland.com\/fr\/about-the-fondation\/\" \/>\n<meta property=\"og:locale\" content=\"fr_FR\" \/>\n<meta property=\"og:type\" content=\"article\" \/>\n<meta property=\"og:title\" content=\"\u00c0 propos de la fondation - Foyer Richelieu\" \/>\n<meta property=\"og:url\" content=\"https:\/\/www.foyerrichelieuwelland.com\/fr\/about-the-fondation\/\" \/>\n<meta property=\"og:site_name\" content=\"Foyer Richelieu\" \/>\n<meta property=\"article:modified_time\" content=\"2024-07-04T14:17:54+00:00\" \/>\n<meta property=\"og:image\" content=\"https:\/\/www.foyerrichelieuwelland.com\/wp-content\/uploads\/2020\/07\/quote-left.svg\" \/>\n<meta name=\"twitter:card\" content=\"summary_large_image\" \/>\n<script type=\"application\/ld+json\" class=\"yoast-schema-graph\">{\"@context\":\"https:\/\/schema.org\",\"@graph\":[{\"@type\":\"WebSite\",\"@id\":\"https:\/\/www.foyerrichelieuwelland.com\/fr\/#website\",\"url\":\"https:\/\/www.foyerrichelieuwelland.com\/fr\/\",\"name\":\"Foyer Richelieu\",\"description\":\"\",\"potentialAction\":[{\"@type\":\"SearchAction\",\"target\":\"https:\/\/www.foyerrichelieuwelland.com\/fr\/?s={search_term_string}\",\"query-input\":\"required name=search_term_string\"}],\"inLanguage\":\"fr-FR\"},{\"@type\":\"ImageObject\",\"@id\":\"https:\/\/www.foyerrichelieuwelland.com\/fr\/about-the-fondation\/#primaryimage\",\"inLanguage\":\"fr-FR\",\"url\":\"https:\/\/www.foyerrichelieuwelland.com\/wp-content\/uploads\/2020\/07\/quote-left.svg\"},{\"@type\":\"WebPage\",\"@id\":\"https:\/\/www.foyerrichelieuwelland.com\/fr\/about-the-fondation\/#webpage\",\"url\":\"https:\/\/www.foyerrichelieuwelland.com\/fr\/about-the-fondation\/\",\"name\":\"\\u00c0 propos de la fondation - Foyer Richelieu\",\"isPartOf\":{\"@id\":\"https:\/\/www.foyerrichelieuwelland.com\/fr\/#website\"},\"primaryImageOfPage\":{\"@id\":\"https:\/\/www.foyerrichelieuwelland.com\/fr\/about-the-fondation\/#primaryimage\"},\"datePublished\":\"2020-07-10T13:40:22+00:00\",\"dateModified\":\"2024-07-04T14:17:54+00:00\",\"inLanguage\":\"fr-FR\",\"potentialAction\":[{\"@type\":\"ReadAction\",\"target\":[\"https:\/\/www.foyerrichelieuwelland.com\/fr\/about-the-fondation\/\"]}]}]}<\/script>\n<!-- \/ Yoast SEO plugin. -->","_links":{"self":[{"href":"https:\/\/www.foyerrichelieuwelland.com\/fr\/wp-json\/wp\/v2\/pages\/2107"}],"collection":[{"href":"https:\/\/www.foyerrichelieuwelland.com\/fr\/wp-json\/wp\/v2\/pages"}],"about":[{"href":"https:\/\/www.foyerrichelieuwelland.com\/fr\/wp-json\/wp\/v2\/types\/page"}],"author":[{"embeddable":true,"href":"https:\/\/www.foyerrichelieuwelland.com\/fr\/wp-json\/wp\/v2\/users\/1"}],"replies":[{"embeddable":true,"href":"https:\/\/www.foyerrichelieuwelland.com\/fr\/wp-json\/wp\/v2\/comments?post=2107"}],"version-history":[{"count":25,"href":"https:\/\/www.foyerrichelieuwelland.com\/fr\/wp-json\/wp\/v2\/pages\/2107\/revisions"}],"predecessor-version":[{"id":4702,"href":"https:\/\/www.foyerrichelieuwelland.com\/fr\/wp-json\/wp\/v2\/pages\/2107\/revisions\/4702"}],"wp:attachment":[{"href":"https:\/\/www.foyerrichelieuwelland.com\/fr\/wp-json\/wp\/v2\/media?parent=2107"}],"curies":[{"name":"wp","href":"https:\/\/api.w.org\/{rel}","templated":true}]}}