{"id":4655,"date":"2024-07-04T13:36:48","date_gmt":"2024-07-04T17:36:48","guid":{"rendered":"https:\/\/www.foyerrichelieuwelland.com\/?page_id=4655"},"modified":"2025-10-27T12:02:48","modified_gmt":"2025-10-27T16:02:48","slug":"service-environnemental-2","status":"publish","type":"page","link":"https:\/\/www.foyerrichelieuwelland.com\/fr\/service-environnemental-2\/","title":{"rendered":"Service environnemental"},"content":{"rendered":"<div class=\"wp-block-lazyblock-haut-de-page-de-sections lazyblock-haut-de-page-de-sections-Z1avKbj\"><section class=\"parallax\" data-stellar-background-ratio=\"0.8\" style=\"background-image:url('\/wp-content\/uploads\/2020\/07\/header-living-at-foyer-richelieu-welland.jpg');\">\r\n<div id=\"coloroverlay\" class=\"opacity-medium\"><\/div>\r\n<div class=\"container\">\r\n<div class=\"inner-banner\">\r\n<h1>Soins aux r\u00e9sidents<br><span>Service environnemental<\/span><\/h1>\r\n<p><\/p>\r\n<\/div>\r\n<\/div>\r\n<\/section><\/div>\n\n\n<div class=\"wp-block-group family-know-top\"><div class=\"wp-block-group__inner-container is-layout-flow wp-block-group-is-layout-flow\">\n<div class=\"wp-block-animate-blocks-animate container\" data-aos=\"\">\n<div class=\"wp-block-columns is-layout-flex wp-container-core-columns-is-layout-1 wp-block-columns-is-layout-flex\">\n<div class=\"wp-block-column family-know-top-left is-layout-flow wp-block-column-is-layout-flow\" style=\"flex-basis:50%\">\n<div class=\"wp-block-animate-blocks-animate\" data-aos=\"fade\">\n<h5>Services de buanderie<\/h5>\n<p>Le service de buanderie est assur\u00e9 par le d\u00e9partement de services de soutien du Foyer Richelieu Welland, 7 jours sur 7. Le linge est ramass\u00e9 tous les jours et les articles personnels des r\u00e9sidents sont trait\u00e9s et retourn\u00e9s dans les 24 heures. <strong>Le Foyer Richelieu Welland n&#8217;est pas responsable des articles personnels des r\u00e9sidents qui sont perdus ou endommag\u00e9s pendant le traitement.<\/strong> Les inqui\u00e9tudes concernant les articles manquants doivent \u00eatre signal\u00e9es le plus t\u00f4t possible au foyer afin que le personnel puisse vous aider \u00e0 retrouver l&#8217;endroit o\u00f9 se trouve l&#8217;article.<\/p>\n<\/div>\n<\/div>\n\n\n\n<div class=\"wp-block-column family-know-top-right is-layout-flow wp-block-column-is-layout-flow\" style=\"flex-basis:50%\">\n<div class=\"wp-block-animate-blocks-animate\" data-aos=\"fade\">\n<h6>Entretien m\u00e9nager<\/h6>\n<p>Les chambres des r\u00e9sidents sont nettoy\u00e9es quotidiennement et le balayage et le d\u00e9poussi\u00e9rage sont effectu\u00e9s une fois par semaine. Les salles de bains communes et les salles de bains priv\u00e9es sont nettoy\u00e9es quotidiennement. Le nettoyage de printemps est effectu\u00e9 chaque ann\u00e9e.<\/p>\n<\/div>\n<\/div>\n<\/div>\n<\/div>\n<\/div><\/div>\n\n\n\n<div class=\"wp-block-group has-background\" style=\"background-color:#f7f7f7\"><div class=\"wp-block-group__inner-container is-layout-flow wp-block-group-is-layout-flow\">\n<div class=\"wp-block-animate-blocks-animate container\" data-aos=\"\">\n<div class=\"wp-block-columns salse-team is-layout-flex wp-container-core-columns-is-layout-2 wp-block-columns-is-layout-flex\">\n<div class=\"wp-block-column is-layout-flow wp-block-column-is-layout-flow\" style=\"flex-basis:33.33%\">\n<div class=\"wp-block-animate-blocks-animate\" data-aos=\"fade-right\">\n<h5 class=\"wp-block-heading\">Services de maintenance<\/h5>\n<\/div>\n<\/div>\n\n\n\n<div class=\"wp-block-column is-layout-flow wp-block-column-is-layout-flow\" style=\"flex-basis:66.66%\">\n<div class=\"wp-block-animate-blocks-animate\" data-aos=\"fade-left\">\n<p>Tous les probl\u00e8mes d&#8217;\u00e9lectricit\u00e9, de plomberie, de chauffage et autres probl\u00e8mes de maintenance qui surviennent au Foyer Richelieu Welland doivent \u00eatre signal\u00e9s \u00e0 un membre du personnel d\u00e8s constatation. Le personnel de maintenance s&#8217;occupera du probl\u00e8me dans les plus brefs d\u00e9lais. Le Foyer Richelieu Welland effectue r\u00e9guli\u00e8rement des travaux d&#8217;entretien pr\u00e9ventif. La s\u00e9curit\u00e9 est au c\u0153ur de nos pr\u00e9occupations.<\/p>\n<\/div>\n<\/div>\n<\/div>\n<\/div>\n<\/div><\/div>\n","protected":false},"excerpt":{"rendered":"","protected":false},"author":1,"featured_media":0,"parent":0,"menu_order":0,"comment_status":"closed","ping_status":"closed","template":"","meta":{"kt_blocks_editor_width":"","footnotes":""},"class_list":["post-4655","page","type-page","status-publish","hentry"],"yoast_head":"<!-- This site is optimized with the Yoast SEO plugin v14.0.2 - https:\/\/yoast.com\/wordpress\/plugins\/seo\/ -->\n<title>Service environnemental - Foyer Richelieu<\/title>\n<meta name=\"robots\" content=\"index, follow\" \/>\n<meta name=\"googlebot\" content=\"index, follow, max-snippet:-1, max-image-preview:large, max-video-preview:-1\" \/>\n<meta name=\"bingbot\" content=\"index, follow, max-snippet:-1, max-image-preview:large, max-video-preview:-1\" \/>\n<link rel=\"canonical\" href=\"https:\/\/www.foyerrichelieuwelland.com\/fr\/service-environnemental-2\/\" \/>\n<meta property=\"og:locale\" content=\"fr_FR\" \/>\n<meta property=\"og:type\" content=\"article\" \/>\n<meta property=\"og:title\" content=\"Service environnemental - Foyer Richelieu\" \/>\n<meta property=\"og:url\" content=\"https:\/\/www.foyerrichelieuwelland.com\/fr\/service-environnemental-2\/\" \/>\n<meta property=\"og:site_name\" content=\"Foyer Richelieu\" \/>\n<meta property=\"article:modified_time\" content=\"2025-10-27T16:02:48+00:00\" \/>\n<meta name=\"twitter:card\" content=\"summary_large_image\" \/>\n<script type=\"application\/ld+json\" class=\"yoast-schema-graph\">{\"@context\":\"https:\/\/schema.org\",\"@graph\":[{\"@type\":\"WebSite\",\"@id\":\"https:\/\/www.foyerrichelieuwelland.com\/fr\/#website\",\"url\":\"https:\/\/www.foyerrichelieuwelland.com\/fr\/\",\"name\":\"Foyer Richelieu\",\"description\":\"\",\"potentialAction\":[{\"@type\":\"SearchAction\",\"target\":\"https:\/\/www.foyerrichelieuwelland.com\/fr\/?s={search_term_string}\",\"query-input\":\"required name=search_term_string\"}],\"inLanguage\":\"fr-FR\"},{\"@type\":\"WebPage\",\"@id\":\"https:\/\/www.foyerrichelieuwelland.com\/fr\/service-environnemental-2\/#webpage\",\"url\":\"https:\/\/www.foyerrichelieuwelland.com\/fr\/service-environnemental-2\/\",\"name\":\"Service environnemental - Foyer Richelieu\",\"isPartOf\":{\"@id\":\"https:\/\/www.foyerrichelieuwelland.com\/fr\/#website\"},\"datePublished\":\"2024-07-04T17:36:48+00:00\",\"dateModified\":\"2025-10-27T16:02:48+00:00\",\"inLanguage\":\"fr-FR\",\"potentialAction\":[{\"@type\":\"ReadAction\",\"target\":[\"https:\/\/www.foyerrichelieuwelland.com\/fr\/service-environnemental-2\/\"]}]}]}<\/script>\n<!-- \/ Yoast SEO plugin. -->","_links":{"self":[{"href":"https:\/\/www.foyerrichelieuwelland.com\/fr\/wp-json\/wp\/v2\/pages\/4655"}],"collection":[{"href":"https:\/\/www.foyerrichelieuwelland.com\/fr\/wp-json\/wp\/v2\/pages"}],"about":[{"href":"https:\/\/www.foyerrichelieuwelland.com\/fr\/wp-json\/wp\/v2\/types\/page"}],"author":[{"embeddable":true,"href":"https:\/\/www.foyerrichelieuwelland.com\/fr\/wp-json\/wp\/v2\/users\/1"}],"replies":[{"embeddable":true,"href":"https:\/\/www.foyerrichelieuwelland.com\/fr\/wp-json\/wp\/v2\/comments?post=4655"}],"version-history":[{"count":2,"href":"https:\/\/www.foyerrichelieuwelland.com\/fr\/wp-json\/wp\/v2\/pages\/4655\/revisions"}],"predecessor-version":[{"id":4767,"href":"https:\/\/www.foyerrichelieuwelland.com\/fr\/wp-json\/wp\/v2\/pages\/4655\/revisions\/4767"}],"wp:attachment":[{"href":"https:\/\/www.foyerrichelieuwelland.com\/fr\/wp-json\/wp\/v2\/media?parent=4655"}],"curies":[{"name":"wp","href":"https:\/\/api.w.org\/{rel}","templated":true}]}}