{"id":4662,"date":"2024-07-04T13:12:08","date_gmt":"2024-07-04T17:12:08","guid":{"rendered":"https:\/\/www.foyerrichelieuwelland.com\/?page_id=4662"},"modified":"2025-10-27T12:05:06","modified_gmt":"2025-10-27T16:05:06","slug":"recreologie-et-soins-spirituels","status":"publish","type":"page","link":"https:\/\/www.foyerrichelieuwelland.com\/fr\/recreologie-et-soins-spirituels\/","title":{"rendered":"R\u00e9cr\u00e9ologie et soins spirituels"},"content":{"rendered":"<div class=\"wp-block-lazyblock-haut-de-page-de-sections lazyblock-haut-de-page-de-sections-ZO3m9B\"><section class=\"parallax\" data-stellar-background-ratio=\"0.8\" style=\"background-image:url('\/wp-content\/uploads\/2020\/07\/header-services-offered.jpg');\">\r\n<div id=\"coloroverlay\" class=\"opacity-medium\"><\/div>\r\n<div class=\"container\">\r\n<div class=\"inner-banner\">\r\n<h1>Soins aux r\u00e9sidents<br><span>R\u00e9cr\u00e9ologie et soins spirituels<\/span><\/h1>\r\n<p><\/p>\r\n<\/div>\r\n<\/div>\r\n<\/section><\/div>\n\n\n<div style=\"height:100px\" aria-hidden=\"true\" class=\"wp-block-spacer\"><\/div>\n\n\n\n<div class=\"wp-block-group\"><div class=\"wp-block-group__inner-container is-layout-flow wp-block-group-is-layout-flow\">\n<div class=\"wp-block-animate-blocks-animate container\" data-aos=\"\">\n<div class=\"wp-block-columns is-layout-flex wp-container-core-columns-is-layout-1 wp-block-columns-is-layout-flex\">\n<div class=\"wp-block-column is-layout-flow wp-block-column-is-layout-flow\">\n<div class=\"wp-block-animate-blocks-animate\" data-aos=\"fade\">\n<h5><strong>Services de r\u00e9cr\u00e9ologie<\/strong><\/h5>\n<p class=\"Style1\" style=\"text-align: justify;\"><span lang=\"EN-CA\">Une vari\u00e9t\u00e9 d\u2019activit\u00e9s r\u00e9cr\u00e9atives sont organis\u00e9es au sein du Foyer Richelieu Welland afin de faciliter la pratique des sports, de l\u2019artisanat, des jeux sociaux, de la musique et des activit\u00e9s intellectuelles. La participation \u00e0 ces activit\u00e9s est fortement recommand\u00e9e, mais n&#8217;est pas obligatoire. Les informations sur les heures et les lieux peuvent \u00eatre trouv\u00e9es sur le calendrier des activit\u00e9s mensuelles. Chaque resident est le bienvenu \u00e0 ces activit\u00e9s, en tant que participant ou spectateur. Des informations sur les \u00e9v\u00e9nements sp\u00e9ciaux, des divertissements et des sorties sont organis\u00e9s r\u00e9guli\u00e8rement sont aussi affich\u00e9s.<\/span><\/p>\n<p class=\"Style1\" style=\"text-align: justify;\"><span lang=\"EN-CA\">Le calendrier mensuel des activit\u00e9s, r\u00e9pertoriant toutes les activit\u00e9s, est affich\u00e9 sur le tableau des loisirs, dans la chambre du r\u00e9sident si souhait\u00e9, et est envoy\u00e9 aux familles par e-mail par l&#8217;administration.<\/span><\/p>\n<\/div>\n<\/div>\n\n\n\n<div class=\"wp-block-column is-layout-flow wp-block-column-is-layout-flow\">\n<div class=\"wp-block-animate-blocks-animate\" data-aos=\"fade\">\n<h5><strong>Soins spirituels<\/strong><\/h5>\n<p class=\"Style1\" style=\"text-align: justify;\"><span lang=\"EN-CA\">Les activit\u00e9s religieuses sont men\u00e9es par les pasteurs de la paroisse \u00ab Sacr\u00e9-C\u0153ur \u00bb. La messe a lieu tous les jours \u00e0 11 h dans la chapelle, sauf le dimanche.<\/span><\/p>\n<p class=\"Style1\" style=\"text-align: justify;\"><span lang=\"EN-CA\">La chapelle est ouverte aux personnes de toutes religions. Les r\u00e9sidents dont les croyances religieuses diff\u00e8rent de la religion catholique sont libres de rencontrer leur chef religieux selon leurs besoins.<\/span><\/p>\n<p class=\"Style1\" style=\"text-align: justify;\"><span lang=\"EN-CA\">La c\u00e9r\u00e9monie du souvenir est organis\u00e9e chaque ann\u00e9e au mois de novembre afin de rendre hommage aux r\u00e9sidents d\u00e9c\u00e9d\u00e9s au cours de l&#8217;ann\u00e9e.<\/span><\/p>\n<\/div>\n<\/div>\n<\/div>\n<\/div>\n<\/div><\/div>\n","protected":false},"excerpt":{"rendered":"","protected":false},"author":1,"featured_media":0,"parent":0,"menu_order":0,"comment_status":"closed","ping_status":"closed","template":"","meta":{"kt_blocks_editor_width":"","footnotes":""},"class_list":["post-4662","page","type-page","status-publish","hentry"],"yoast_head":"<!-- This site is optimized with the Yoast SEO plugin v14.0.2 - https:\/\/yoast.com\/wordpress\/plugins\/seo\/ -->\n<title>R\u00e9cr\u00e9ologie et soins spirituels - Foyer Richelieu<\/title>\n<meta name=\"robots\" content=\"index, follow\" \/>\n<meta name=\"googlebot\" content=\"index, follow, max-snippet:-1, max-image-preview:large, max-video-preview:-1\" \/>\n<meta name=\"bingbot\" content=\"index, follow, max-snippet:-1, max-image-preview:large, max-video-preview:-1\" \/>\n<link rel=\"canonical\" href=\"https:\/\/www.foyerrichelieuwelland.com\/fr\/recreologie-et-soins-spirituels\/\" \/>\n<meta property=\"og:locale\" content=\"fr_FR\" \/>\n<meta property=\"og:type\" content=\"article\" \/>\n<meta property=\"og:title\" content=\"R\u00e9cr\u00e9ologie et soins spirituels - Foyer Richelieu\" \/>\n<meta property=\"og:url\" content=\"https:\/\/www.foyerrichelieuwelland.com\/fr\/recreologie-et-soins-spirituels\/\" \/>\n<meta property=\"og:site_name\" content=\"Foyer Richelieu\" \/>\n<meta property=\"article:modified_time\" content=\"2025-10-27T16:05:06+00:00\" \/>\n<meta name=\"twitter:card\" content=\"summary_large_image\" \/>\n<script type=\"application\/ld+json\" class=\"yoast-schema-graph\">{\"@context\":\"https:\/\/schema.org\",\"@graph\":[{\"@type\":\"WebSite\",\"@id\":\"https:\/\/www.foyerrichelieuwelland.com\/fr\/#website\",\"url\":\"https:\/\/www.foyerrichelieuwelland.com\/fr\/\",\"name\":\"Foyer Richelieu\",\"description\":\"\",\"potentialAction\":[{\"@type\":\"SearchAction\",\"target\":\"https:\/\/www.foyerrichelieuwelland.com\/fr\/?s={search_term_string}\",\"query-input\":\"required name=search_term_string\"}],\"inLanguage\":\"fr-FR\"},{\"@type\":\"WebPage\",\"@id\":\"https:\/\/www.foyerrichelieuwelland.com\/fr\/recreologie-et-soins-spirituels\/#webpage\",\"url\":\"https:\/\/www.foyerrichelieuwelland.com\/fr\/recreologie-et-soins-spirituels\/\",\"name\":\"R\\u00e9cr\\u00e9ologie et soins spirituels - Foyer Richelieu\",\"isPartOf\":{\"@id\":\"https:\/\/www.foyerrichelieuwelland.com\/fr\/#website\"},\"datePublished\":\"2024-07-04T17:12:08+00:00\",\"dateModified\":\"2025-10-27T16:05:06+00:00\",\"inLanguage\":\"fr-FR\",\"potentialAction\":[{\"@type\":\"ReadAction\",\"target\":[\"https:\/\/www.foyerrichelieuwelland.com\/fr\/recreologie-et-soins-spirituels\/\"]}]}]}<\/script>\n<!-- \/ Yoast SEO plugin. -->","_links":{"self":[{"href":"https:\/\/www.foyerrichelieuwelland.com\/fr\/wp-json\/wp\/v2\/pages\/4662"}],"collection":[{"href":"https:\/\/www.foyerrichelieuwelland.com\/fr\/wp-json\/wp\/v2\/pages"}],"about":[{"href":"https:\/\/www.foyerrichelieuwelland.com\/fr\/wp-json\/wp\/v2\/types\/page"}],"author":[{"embeddable":true,"href":"https:\/\/www.foyerrichelieuwelland.com\/fr\/wp-json\/wp\/v2\/users\/1"}],"replies":[{"embeddable":true,"href":"https:\/\/www.foyerrichelieuwelland.com\/fr\/wp-json\/wp\/v2\/comments?post=4662"}],"version-history":[{"count":9,"href":"https:\/\/www.foyerrichelieuwelland.com\/fr\/wp-json\/wp\/v2\/pages\/4662\/revisions"}],"predecessor-version":[{"id":5160,"href":"https:\/\/www.foyerrichelieuwelland.com\/fr\/wp-json\/wp\/v2\/pages\/4662\/revisions\/5160"}],"wp:attachment":[{"href":"https:\/\/www.foyerrichelieuwelland.com\/fr\/wp-json\/wp\/v2\/media?parent=4662"}],"curies":[{"name":"wp","href":"https:\/\/api.w.org\/{rel}","templated":true}]}}