{"id":5027,"date":"2025-10-25T12:59:26","date_gmt":"2025-10-25T16:59:26","guid":{"rendered":"https:\/\/www.foyerrichelieuwelland.com\/?page_id=5027"},"modified":"2025-10-26T11:14:38","modified_gmt":"2025-10-26T15:14:38","slug":"politique-relatives-aux-visiteurs","status":"publish","type":"page","link":"https:\/\/www.foyerrichelieuwelland.com\/fr\/politique-relatives-aux-visiteurs\/","title":{"rendered":"Politique relatives aux visiteurs"},"content":{"rendered":"<div class=\"wp-block-lazyblock-haut-de-page-de-sections lazyblock-haut-de-page-de-sections-ZCXKbn\"><section class=\"parallax\" data-stellar-background-ratio=\"0.8\" style=\"background-image:url('\/wp-content\/uploads\/2020\/07\/header-admission-process.jpg');\">\r\n<div id=\"coloroverlay\" class=\"opacity-medium\"><\/div>\r\n<div class=\"container\">\r\n<div class=\"inner-banner\">\r\n<h1>Politique relatives<span> aux visiteurs<\/span><\/h1>\r\n<p><\/p>\r\n<\/div>\r\n<\/div>\r\n<\/section><\/div>\n\n\n<div style=\"height:100px\" aria-hidden=\"true\" class=\"wp-block-spacer\"><\/div>\n\n\n\n<div class=\"wp-block-group\"><div class=\"wp-block-group__inner-container is-layout-flow wp-block-group-is-layout-flow\">\n<div class=\"wp-block-animate-blocks-animate container\" data-aos=\"\">\n<div class=\"wp-block-columns is-layout-flex wp-container-core-columns-is-layout-1 wp-block-columns-is-layout-flex\">\n<div class=\"wp-block-column is-layout-flow wp-block-column-is-layout-flow\">\n<div class=\"wp-block-animate-blocks-animate\" data-aos=\"fade\">\n<h2>Politique relatives aux visiteurs<\/h2>\n<p>Nous invitons les familles et leurs proches \u00e0 venir visiter nos r\u00e9sidents et \u00e0 passer du temps de qualit\u00e9 avec eux. Afin de garantir un environnement s\u00fbr, respectueux et confortable pour tous, nous demandons \u00e0 tous les visiteurs de suivre nos directives actuelles. Celles-ci incluent les mesures de pr\u00e9vention des infections, le respect de la vie priv\u00e9e des r\u00e9sidents et le respect des heures de visite ou des zones d\u00e9sign\u00e9es, le cas \u00e9ch\u00e9ant.<\/p>\n<p>Notre objectif est de favoriser des liens enrichissants tout en pr\u00e9servant la sant\u00e9 et le bien-\u00eatre de tous ceux qui vivent et travaillent dans notre \u00e9tablissement. Veuillez consulter notre politique ci-dessous.<\/p>\n<p><a href=\"https:\/\/www.foyerrichelieuwelland.com\/wp-content\/uploads\/2025\/10\/RC-02-01-06-Politique-relatives-aux-visiteurs.pdf\">RC-02-01-06 &#8211; Politique relatives aux visiteurs<\/a><\/p>\n<\/div>\n<\/div>\n<\/div>\n<\/div>\n<\/div><\/div>\n","protected":false},"excerpt":{"rendered":"","protected":false},"author":1,"featured_media":0,"parent":0,"menu_order":0,"comment_status":"closed","ping_status":"closed","template":"","meta":{"kt_blocks_editor_width":"","footnotes":""},"class_list":["post-5027","page","type-page","status-publish","hentry"],"yoast_head":"<!-- This site is optimized with the Yoast SEO plugin v14.0.2 - https:\/\/yoast.com\/wordpress\/plugins\/seo\/ -->\n<title>Politique relatives aux visiteurs - Foyer Richelieu<\/title>\n<meta name=\"robots\" content=\"index, follow\" \/>\n<meta name=\"googlebot\" content=\"index, follow, max-snippet:-1, max-image-preview:large, max-video-preview:-1\" \/>\n<meta name=\"bingbot\" content=\"index, follow, max-snippet:-1, max-image-preview:large, max-video-preview:-1\" \/>\n<link rel=\"canonical\" href=\"https:\/\/www.foyerrichelieuwelland.com\/fr\/politique-relatives-aux-visiteurs\/\" \/>\n<meta property=\"og:locale\" content=\"fr_FR\" \/>\n<meta property=\"og:type\" content=\"article\" \/>\n<meta property=\"og:title\" content=\"Politique relatives aux visiteurs - Foyer Richelieu\" \/>\n<meta property=\"og:url\" content=\"https:\/\/www.foyerrichelieuwelland.com\/fr\/politique-relatives-aux-visiteurs\/\" \/>\n<meta property=\"og:site_name\" content=\"Foyer Richelieu\" \/>\n<meta property=\"article:modified_time\" content=\"2025-10-26T15:14:38+00:00\" \/>\n<meta name=\"twitter:card\" content=\"summary_large_image\" \/>\n<script type=\"application\/ld+json\" class=\"yoast-schema-graph\">{\"@context\":\"https:\/\/schema.org\",\"@graph\":[{\"@type\":\"WebSite\",\"@id\":\"https:\/\/www.foyerrichelieuwelland.com\/fr\/#website\",\"url\":\"https:\/\/www.foyerrichelieuwelland.com\/fr\/\",\"name\":\"Foyer Richelieu\",\"description\":\"\",\"potentialAction\":[{\"@type\":\"SearchAction\",\"target\":\"https:\/\/www.foyerrichelieuwelland.com\/fr\/?s={search_term_string}\",\"query-input\":\"required name=search_term_string\"}],\"inLanguage\":\"fr-FR\"},{\"@type\":\"WebPage\",\"@id\":\"https:\/\/www.foyerrichelieuwelland.com\/fr\/politique-relatives-aux-visiteurs\/#webpage\",\"url\":\"https:\/\/www.foyerrichelieuwelland.com\/fr\/politique-relatives-aux-visiteurs\/\",\"name\":\"Politique relatives aux visiteurs - Foyer Richelieu\",\"isPartOf\":{\"@id\":\"https:\/\/www.foyerrichelieuwelland.com\/fr\/#website\"},\"datePublished\":\"2025-10-25T16:59:26+00:00\",\"dateModified\":\"2025-10-26T15:14:38+00:00\",\"inLanguage\":\"fr-FR\",\"potentialAction\":[{\"@type\":\"ReadAction\",\"target\":[\"https:\/\/www.foyerrichelieuwelland.com\/fr\/politique-relatives-aux-visiteurs\/\"]}]}]}<\/script>\n<!-- \/ Yoast SEO plugin. -->","_links":{"self":[{"href":"https:\/\/www.foyerrichelieuwelland.com\/fr\/wp-json\/wp\/v2\/pages\/5027"}],"collection":[{"href":"https:\/\/www.foyerrichelieuwelland.com\/fr\/wp-json\/wp\/v2\/pages"}],"about":[{"href":"https:\/\/www.foyerrichelieuwelland.com\/fr\/wp-json\/wp\/v2\/types\/page"}],"author":[{"embeddable":true,"href":"https:\/\/www.foyerrichelieuwelland.com\/fr\/wp-json\/wp\/v2\/users\/1"}],"replies":[{"embeddable":true,"href":"https:\/\/www.foyerrichelieuwelland.com\/fr\/wp-json\/wp\/v2\/comments?post=5027"}],"version-history":[{"count":3,"href":"https:\/\/www.foyerrichelieuwelland.com\/fr\/wp-json\/wp\/v2\/pages\/5027\/revisions"}],"predecessor-version":[{"id":5098,"href":"https:\/\/www.foyerrichelieuwelland.com\/fr\/wp-json\/wp\/v2\/pages\/5027\/revisions\/5098"}],"wp:attachment":[{"href":"https:\/\/www.foyerrichelieuwelland.com\/fr\/wp-json\/wp\/v2\/media?parent=5027"}],"curies":[{"name":"wp","href":"https:\/\/api.w.org\/{rel}","templated":true}]}}